{"id":1701,"date":"2015-07-08T23:11:42","date_gmt":"2015-07-09T03:11:42","guid":{"rendered":"http:\/\/stagesante.uqat.ca\/?page_id=1701"},"modified":"2017-08-27T20:39:11","modified_gmt":"2017-08-28T00:39:11","slug":"mission-2016-lequipe","status":"publish","type":"page","link":"https:\/\/stagesante.uqat.ca\/wp\/?page_id=1701","title":{"rendered":"Mission 2016 \u2013 L\u2019\u00e9quipe"},"content":{"rendered":"<h4>B\u00e9n\u00e9voles-responsables :<\/h4>\n\n<table id=\"tablepress-13\" class=\"tablepress tablepress-id-13\">\n<tbody>\n<tr class=\"row-1\">\n\t<td class=\"column-1\"><a attid=\"671\"  href=\"http:\/\/stagesante.uqat.ca\/wp\/wp-content\/uploads\/2015\/09\/brule-mario.jpg\"><img loading=\"lazy\" decoding=\"async\" src=\"http:\/\/stagesante.uqat.ca\/wp\/wp-content\/uploads\/2015\/09\/brule-mario.jpg\" alt=\"\" width=\"50\" height=\"65\" class=\"aligncenter size-full wp-image-671\" \/><\/a><\/td><td class=\"column-2\"><p><a href=\"mailto:mario.brule@uqat.ca\"><strong>Mario Br\u00fbl\u00e9<\/strong><\/a> - 27e mission<br\/>Inf., B.Sc., M.\u00c9d., Professeur agr\u00e9g\u00e9<br\/><strong>Chef de mission<\/strong><\/p><\/td>\n<\/tr>\n<tr class=\"row-2\">\n\t<td class=\"column-1\"><a attid=\"1966\"  href=\"http:\/\/stagesante.uqat.ca\/wp\/wp-content\/uploads\/2016\/02\/marie-christine-hins.jpg\" rel=\"attachment wp-att-1966\"><img loading=\"lazy\" decoding=\"async\" src=\"http:\/\/stagesante.uqat.ca\/wp\/wp-content\/uploads\/2016\/02\/marie-christine-hins.jpg\" alt=\"marie-christine hins\" width=\"50\" height=\"65\" class=\"alignleft size-full wp-image-1966\" \/><\/a><\/td><td class=\"column-2\"><p><a href=\"mailto:mc_powa69@hotmail.com\"><strong>Marie-Christine Hins<\/strong><\/a> - 1\u00e8re mission<br\/>Enfermera Licenciada (Infirmi\u00e8re bacheli\u00e8re)<br\/><strong>Tutora (Pr\u00e9ceptrice)<\/strong><\/p><\/td>\n<\/tr>\n<tr class=\"row-3\">\n\t<td class=\"column-1\"><a attid=\"1968\"  href=\"http:\/\/stagesante.uqat.ca\/wp\/wp-content\/uploads\/2016\/02\/annie-white-gosselin.jpg\" rel=\"attachment wp-att-1968\"><img loading=\"lazy\" decoding=\"async\" src=\"http:\/\/stagesante.uqat.ca\/wp\/wp-content\/uploads\/2016\/02\/annie-white-gosselin.jpg\" alt=\"annie white-gosselin\" width=\"50\" height=\"65\" class=\"alignleft size-full wp-image-1968\" \/><\/a><\/td><td class=\"column-2\"><p><a href=\"mailto:annie.whiteg@gmail.com\"><strong>Annie White-Gosselin<\/strong><\/a> - 2e mission<br\/>Enfermera Licenciada (Infirmi\u00e8re bacheli\u00e8re)<br\/><strong>Tutora (Pr\u00e9ceptrice)<\/strong><\/p><\/td>\n<\/tr>\n<tr class=\"row-4\">\n\t<td class=\"column-1\"><a attid=\"2495\"  href=\"http:\/\/stagesante.uqat.ca\/wp\/wp-content\/uploads\/2017\/01\/GeraldDion.gif\"><img loading=\"lazy\" decoding=\"async\" src=\"http:\/\/stagesante.uqat.ca\/wp\/wp-content\/uploads\/2017\/01\/GeraldDion.gif\" alt=\"\" width=\"50\" height=\"65\" class=\"aligncenter size-full wp-image-2495\" \/><\/a><\/td><td class=\"column-2\"><p><a href=\"mailto:dion.gerald@gmail.com\"><strong>G\u00e9rald Dion<\/strong><\/a> - 9e mission<br\/>Professeur associ\u00e9 \u00e0 l'UQAT<br\/><strong>M\u00e9decin-chef de la mission<\/strong><\/p><\/td>\n<\/tr>\n<tr class=\"row-5\">\n\t<td class=\"column-1\"><a attid=\"1970\"  href=\"http:\/\/stagesante.uqat.ca\/wp\/wp-content\/uploads\/2016\/02\/louis-philippe-lafleur.jpg\" rel=\"attachment wp-att-1970\"><img loading=\"lazy\" decoding=\"async\" src=\"http:\/\/stagesante.uqat.ca\/wp\/wp-content\/uploads\/2016\/02\/louis-philippe-lafleur.jpg\" alt=\"louis-philippe lafleur\" width=\"50\" height=\"65\" class=\"alignleft size-full wp-image-1970\" \/><\/a><\/td><td class=\"column-2\"><p><a href=\"mailto:lafleur.lp@gmail.com\"><strong>Louis-Philippe Lafleur<\/strong><\/a> - 3e mission<br\/>Farmac\u00e9utico Licenciado (Pharmacien)<br\/><strong>Professeur associ\u00e9<\/strong><\/p><\/td>\n<\/tr>\n<tr class=\"row-6\">\n\t<td class=\"column-1\"><a attid=\"672\"  href=\"http:\/\/stagesante.uqat.ca\/wp\/wp-content\/uploads\/2015\/09\/laverdiere-cecile.jpg\"><img loading=\"lazy\" decoding=\"async\" src=\"http:\/\/stagesante.uqat.ca\/wp\/wp-content\/uploads\/2015\/09\/laverdiere-cecile.jpg\" alt=\"\" width=\"50\" height=\"65\" class=\"alignleft size-full wp-image-672\" \/><\/a><\/td><td class=\"column-2\"><p><a href=\"mailto:claverdiere55@hotmail.com\"><strong>C\u00e9cile Laverdi\u00e8re<\/strong><\/a> - 7e mission<br\/>Enfermera Asistente (Infirmi\u00e8re auxiliaire)<br\/><strong>Logicienne; responsable du camp de base de Indiana<\/strong><\/p><\/td>\n<\/tr>\n<tr class=\"row-7\">\n\t<td class=\"column-1\"><a attid=\"1865\"  href=\"http:\/\/stagesante.uqat.ca\/wp\/wp-content\/uploads\/2015\/09\/lafontaine-steve.jpg\" rel=\"attachment wp-att-1865\"><img loading=\"lazy\" decoding=\"async\" src=\"http:\/\/stagesante.uqat.ca\/wp\/wp-content\/uploads\/2015\/09\/lafontaine-steve.jpg\" alt=\"lafontaine steve\" width=\"50\" height=\"65\" class=\"alignleft size-full wp-image-1865\" \/><\/a><\/td><td class=\"column-2\"><p><a href=\"mailto:steve.lafontaine@outlook.com\"><strong>Steve Lafontaine<\/strong><\/a> - 1\u00e8re mission<br\/>Enfermero Licenciado (Infirmier bachelier)<br\/><strong>Chef d'\u00e9quipe ; logistique clinique, sant\u00e9 des \u00e9tudiantes et des coop\u00e9rantes<br \/>\n<\/strong><\/p><\/td>\n<\/tr>\n<tr class=\"row-8\">\n\t<td class=\"column-1\"><a attid=\"1974\"  href=\"http:\/\/stagesante.uqat.ca\/wp\/wp-content\/uploads\/2016\/02\/kafrine-laflamme.jpg\" rel=\"attachment wp-att-1974\"><img loading=\"lazy\" decoding=\"async\" src=\"http:\/\/stagesante.uqat.ca\/wp\/wp-content\/uploads\/2016\/02\/kafrine-laflamme.jpg\" alt=\"kafrine laflamme\" width=\"50\" height=\"65\" class=\"alignleft size-full wp-image-1974\" \/><\/a><\/td><td class=\"column-2\"><p><a href=\"mailto:karine.laflamme@uqat.ca\"><strong>Karine Laflamme<\/strong><\/a> - 4e mission<br\/>Enfermera Asistente (Infirmi\u00e8re auxiliaire)<br\/><strong>Lien interg\u00e9n\u00e9rationnel<br \/>\n<\/strong><\/p><\/td>\n<\/tr>\n<tr class=\"row-9\">\n\t<td class=\"column-1\"><a attid=\"1866\"  href=\"http:\/\/stagesante.uqat.ca\/wp\/wp-content\/uploads\/2015\/09\/paquet-martine.jpg\" rel=\"attachment wp-att-1866\"><img loading=\"lazy\" decoding=\"async\" src=\"http:\/\/stagesante.uqat.ca\/wp\/wp-content\/uploads\/2015\/09\/paquet-martine.jpg\" alt=\"paquet martine\" width=\"50\" height=\"65\" class=\"alignleft size-full wp-image-1866\" \/><\/a><\/td><td class=\"column-2\"><p><a href=\"mailto:Martine.Paquet@uqat.ca\"><strong>Martine Paquet<\/strong><\/a> - 1\u00e8re mission<br\/>Pr\u00e9pos\u00e9e aux affaires modulaires<br\/><strong>Logistique g\u00e9n\u00e9rale<\/br>Tr\u00e9sorerie<br \/>\n<\/strong><\/p><\/td>\n<\/tr>\n<\/tbody>\n<\/table>\n<!-- #tablepress-13 from cache -->\n<p>&nbsp;<\/p>\n<h5>Stagiaires infirmi\u00e8res :<\/h5>\n\n<table id=\"tablepress-14\" class=\"tablepress tablepress-id-14\">\n<tbody>\n<tr class=\"row-1\">\n\t<td class=\"column-1\"><a attid=\"1840\"  href=\"http:\/\/stagesante.uqat.ca\/wp\/wp-content\/uploads\/2015\/09\/bechard-karolane.jpg\"><img loading=\"lazy\" decoding=\"async\" src=\"http:\/\/stagesante.uqat.ca\/wp\/wp-content\/uploads\/2015\/09\/bechard-karolane.jpg\" alt=\"bechard karolane\" width=\"50\" height=\"65\" class=\"alignleft size-full wp-image-1840\" \/><\/a><\/td><td class=\"column-2\"><a href=\"mailto:karolane.bechard@uqat.ca\"><strong>Karolane B\u00e9chard<\/strong><\/a><\/td><td class=\"column-3\"><a attid=\"1841\"  href=\"http:\/\/stagesante.uqat.ca\/wp\/wp-content\/uploads\/2015\/09\/blais-carol-ann.jpg\"><img loading=\"lazy\" decoding=\"async\" src=\"http:\/\/stagesante.uqat.ca\/wp\/wp-content\/uploads\/2015\/09\/blais-carol-ann.jpg\" alt=\"blais carol-ann\" width=\"50\" height=\"65\" class=\"alignleft size-full wp-image-1841\" \/><\/a><\/td><td class=\"column-4\"><a href=\"mailto:carol-ann.blais@uqat.ca\"><strong>Carol-Ann Blais<\/strong><\/a><\/td>\n<\/tr>\n<tr class=\"row-2\">\n\t<td class=\"column-1\"><a attid=\"1820\"  href=\"http:\/\/stagesante.uqat.ca\/wp\/wp-content\/uploads\/2015\/09\/blais-francesca.jpg\"><img loading=\"lazy\" decoding=\"async\" src=\"http:\/\/stagesante.uqat.ca\/wp\/wp-content\/uploads\/2015\/09\/blais-francesca.jpg\" alt=\"blais francesca\" width=\"50\" height=\"65\" class=\"alignleft size-full wp-image-1820\" \/><\/a><\/td><td class=\"column-2\"><a href=\"mailto:francesca.blais@uqat.ca\"><strong>Francesca Blais<\/strong><\/a><\/td><td class=\"column-3\"><a attid=\"1821\"  href=\"http:\/\/stagesante.uqat.ca\/wp\/wp-content\/uploads\/2015\/09\/boivin-laurence.jpg\"><img loading=\"lazy\" decoding=\"async\" src=\"http:\/\/stagesante.uqat.ca\/wp\/wp-content\/uploads\/2015\/09\/boivin-laurence.jpg\" alt=\"boivin laurence\" width=\"50\" height=\"65\" class=\"alignleft size-full wp-image-1821\" \/><\/a><\/td><td class=\"column-4\"><a href=\"mailto:laurence.boivin@uqat.ca\"><strong>Laurence Boivin<\/strong><\/a><\/td>\n<\/tr>\n<tr class=\"row-3\">\n\t<td class=\"column-1\"><a attid=\"1822\"  href=\"http:\/\/stagesante.uqat.ca\/wp\/wp-content\/uploads\/2015\/09\/bourassa-alex-anne.jpg\"><img loading=\"lazy\" decoding=\"async\" src=\"http:\/\/stagesante.uqat.ca\/wp\/wp-content\/uploads\/2015\/09\/bourassa-alex-anne.jpg\" alt=\"bourassa alex-anne\" width=\"50\" height=\"65\" class=\"alignleft size-full wp-image-1822\" \/><\/a><\/td><td class=\"column-2\"><a href=\"mailto:alex-anne.bourassa@uqat.ca\"><strong>Alex-Anne Bourassa<\/strong><\/a><\/td><td class=\"column-3\"><a attid=\"1823\"  href=\"http:\/\/stagesante.uqat.ca\/wp\/wp-content\/uploads\/2015\/09\/brassard-angela.jpg\"><img loading=\"lazy\" decoding=\"async\" src=\"http:\/\/stagesante.uqat.ca\/wp\/wp-content\/uploads\/2015\/09\/brassard-angela.jpg\" alt=\"brassard angela\" width=\"50\" height=\"65\" class=\"alignleft size-full wp-image-1823\" \/><\/a><\/td><td class=\"column-4\"><a href=\"mailto:angele.brassard@uqat.ca \"><strong>Ang\u00e8le Brassard<\/strong><\/a><\/td>\n<\/tr>\n<tr class=\"row-4\">\n\t<td class=\"column-1\"><a attid=\"1824\"  href=\"http:\/\/stagesante.uqat.ca\/wp\/wp-content\/uploads\/2015\/09\/champagne-carignan-andreanne.jpg\"><img loading=\"lazy\" decoding=\"async\" src=\"http:\/\/stagesante.uqat.ca\/wp\/wp-content\/uploads\/2015\/09\/champagne-carignan-andreanne.jpg\" alt=\"champagne-carignan andreanne\" width=\"50\" height=\"65\" class=\"alignleft size-full wp-image-1824\" \/><\/a><\/td><td class=\"column-2\"><a href=\"mailto:andreanne.champagne-carignan@uqat.ca\"><strong>Andr\u00e9anne Champagne-Carignan<\/strong><\/a><\/td><td class=\"column-3\"><a attid=\"1825\"  href=\"http:\/\/stagesante.uqat.ca\/wp\/wp-content\/uploads\/2015\/09\/collin-samuel-caroline.jpg\"><img loading=\"lazy\" decoding=\"async\" src=\"http:\/\/stagesante.uqat.ca\/wp\/wp-content\/uploads\/2015\/09\/collin-samuel-caroline.jpg\" alt=\"collin-samuel caroline\" width=\"50\" height=\"65\" class=\"alignleft size-full wp-image-1825\" \/><\/a><\/td><td class=\"column-4\"><a href=\"mailto:caroline.collin-samuel@uqat.ca\"><strong>Caroline Collin-Samuel<\/strong><\/a><\/td>\n<\/tr>\n<tr class=\"row-5\">\n\t<td class=\"column-1\"><a attid=\"1826\"  href=\"http:\/\/stagesante.uqat.ca\/wp\/wp-content\/uploads\/2015\/09\/cote-lafreniere-sarah.jpg\"><img loading=\"lazy\" decoding=\"async\" src=\"http:\/\/stagesante.uqat.ca\/wp\/wp-content\/uploads\/2015\/09\/cote-lafreniere-sarah.jpg\" alt=\"cote-lafreniere sarah\" width=\"50\" height=\"65\" class=\"alignleft size-full wp-image-1826\" \/><\/a><\/td><td class=\"column-2\"><a href=\"mailto:sarah.cote-lafreniere@uqat.ca\"><strong>Sarah C\u00f4t\u00e9-Lafreni\u00e8re<\/strong><\/a><\/td><td class=\"column-3\"><a attid=\"1827\"  href=\"http:\/\/stagesante.uqat.ca\/wp\/wp-content\/uploads\/2015\/09\/gelinas-andree-ann.jpg\"><img loading=\"lazy\" decoding=\"async\" src=\"http:\/\/stagesante.uqat.ca\/wp\/wp-content\/uploads\/2015\/09\/gelinas-andree-ann.jpg\" alt=\"gelinas andree-ann\" width=\"50\" height=\"65\" class=\"alignleft size-full wp-image-1827\" \/><\/a><\/td><td class=\"column-4\"><a href=\"mailto:andree-ann.gelinas@uqat.ca\"><strong>Andr\u00e9e-Ann G\u00e9linas<\/strong><\/a><\/td>\n<\/tr>\n<tr class=\"row-6\">\n\t<td class=\"column-1\"><a attid=\"1828\"  href=\"http:\/\/stagesante.uqat.ca\/wp\/wp-content\/uploads\/2015\/09\/gervais-jessica.jpg\"><img loading=\"lazy\" decoding=\"async\" src=\"http:\/\/stagesante.uqat.ca\/wp\/wp-content\/uploads\/2015\/09\/gervais-jessica.jpg\" alt=\"gervais jessica\" width=\"50\" height=\"65\" class=\"alignleft size-full wp-image-1828\" \/><\/a><\/td><td class=\"column-2\"><a href=\"mailto:jessica.gervais@uqat.ca\"><strong>Jessica Gervais<\/strong><\/a><\/td><td class=\"column-3\"><a attid=\"1829\"  href=\"http:\/\/stagesante.uqat.ca\/wp\/wp-content\/uploads\/2015\/09\/gosselin-audrey.jpg\"><img loading=\"lazy\" decoding=\"async\" src=\"http:\/\/stagesante.uqat.ca\/wp\/wp-content\/uploads\/2015\/09\/gosselin-audrey.jpg\" alt=\"gosselin audrey\" width=\"50\" height=\"65\" class=\"alignleft size-full wp-image-1829\" \/><\/a><\/td><td class=\"column-4\"><a href=\"mailto:audrey.gosselin@uqat.ca\"><strong>Audrey Gosselin<\/strong><\/a><\/td>\n<\/tr>\n<tr class=\"row-7\">\n\t<td class=\"column-1\"><a attid=\"1830\"  href=\"http:\/\/stagesante.uqat.ca\/wp\/wp-content\/uploads\/2015\/09\/guertin-isabelle.jpg\"><img loading=\"lazy\" decoding=\"async\" src=\"http:\/\/stagesante.uqat.ca\/wp\/wp-content\/uploads\/2015\/09\/guertin-isabelle.jpg\" alt=\"guertin isabelle\" width=\"50\" height=\"65\" class=\"alignleft size-full wp-image-1830\" \/><\/a><\/td><td class=\"column-2\"><a href=\"mailto:isabelle.guertin@uqat.ca\"><strong>Isabelle Guertin<\/strong><\/a><\/td><td class=\"column-3\"><a attid=\"1831\"  href=\"http:\/\/stagesante.uqat.ca\/wp\/wp-content\/uploads\/2015\/09\/hamelin-cote-genevieve.jpg\"><img loading=\"lazy\" decoding=\"async\" src=\"http:\/\/stagesante.uqat.ca\/wp\/wp-content\/uploads\/2015\/09\/hamelin-cote-genevieve.jpg\" alt=\"hamelin-cote genevieve\" width=\"50\" height=\"65\" class=\"alignleft size-full wp-image-1831\" \/><\/a><\/td><td class=\"column-4\"><a href=\"mailto:genevieve.hamelin-cote@uqat.ca\"><strong>Genevi\u00e8ve Hamelin-C\u00f4t\u00e9<\/strong><\/a><\/td>\n<\/tr>\n<tr class=\"row-8\">\n\t<td class=\"column-1\"><a attid=\"1832\"  href=\"http:\/\/stagesante.uqat.ca\/wp\/wp-content\/uploads\/2015\/09\/julien-christine.jpg\"><img loading=\"lazy\" decoding=\"async\" src=\"http:\/\/stagesante.uqat.ca\/wp\/wp-content\/uploads\/2015\/09\/julien-christine.jpg\" alt=\"julien christine\" width=\"50\" height=\"65\" class=\"alignleft size-full wp-image-1832\" \/><\/a><\/td><td class=\"column-2\"><a href=\"mailto:christine.julien@uqat.ca\"><strong>Christine Julien<\/strong><\/a><\/td><td class=\"column-3\"><a attid=\"1833\"  href=\"http:\/\/stagesante.uqat.ca\/wp\/wp-content\/uploads\/2015\/09\/labrosse-marie-france.jpg\"><img loading=\"lazy\" decoding=\"async\" src=\"http:\/\/stagesante.uqat.ca\/wp\/wp-content\/uploads\/2015\/09\/labrosse-marie-france.jpg\" alt=\"labrosse marie-france\" width=\"50\" height=\"65\" class=\"alignleft size-full wp-image-1833\" \/><\/a><\/td><td class=\"column-4\"><a href=\"mailto:marie-france.labrosse@uqat.ca\"><strong>Marie-France Labrosse<\/strong><\/a><\/td>\n<\/tr>\n<tr class=\"row-9\">\n\t<td class=\"column-1\"><a attid=\"1835\"  href=\"http:\/\/stagesante.uqat.ca\/wp\/wp-content\/uploads\/2015\/09\/paquette-cregheur-sarah-eve.jpg\"><img loading=\"lazy\" decoding=\"async\" src=\"http:\/\/stagesante.uqat.ca\/wp\/wp-content\/uploads\/2015\/09\/paquette-cregheur-sarah-eve.jpg\" alt=\"paquette-cregheur sarah-eve\" width=\"50\" height=\"65\" class=\"alignleft size-full wp-image-1835\" \/><\/a><\/td><td class=\"column-2\"><a href=\"mailto:sarah-eve.paquette-cregheur@uqat.ca\"><strong>Sarah-Eve Paquette-Cregheur<\/strong><\/a><\/td><td class=\"column-3\"><a attid=\"1836\"  href=\"http:\/\/stagesante.uqat.ca\/wp\/wp-content\/uploads\/2015\/09\/richard-marie-france.jpg\"><img loading=\"lazy\" decoding=\"async\" src=\"http:\/\/stagesante.uqat.ca\/wp\/wp-content\/uploads\/2015\/09\/richard-marie-france.jpg\" alt=\"richard marie-france\" width=\"50\" height=\"65\" class=\"alignleft size-full wp-image-1836\" \/><\/a><\/td><td class=\"column-4\"><a href=\"mailto:marie-france.richard@uqat.ca\"><strong>Marie-France Richard<\/strong><\/a><\/td>\n<\/tr>\n<tr class=\"row-10\">\n\t<td class=\"column-1\"><a attid=\"1837\"  href=\"http:\/\/stagesante.uqat.ca\/wp\/wp-content\/uploads\/2015\/09\/roux-chloe.jpg\"><img loading=\"lazy\" decoding=\"async\" src=\"http:\/\/stagesante.uqat.ca\/wp\/wp-content\/uploads\/2015\/09\/roux-chloe.jpg\" alt=\"roux chloe\" width=\"50\" height=\"65\" class=\"alignleft size-full wp-image-1837\" \/><\/a><\/td><td class=\"column-2\"><a href=\"mailto:chloe.roux@uqat.ca\"><strong>Chlo\u00e9 Roux<\/strong><\/a><\/td><td class=\"column-3\"><a attid=\"1838\"  href=\"http:\/\/stagesante.uqat.ca\/wp\/wp-content\/uploads\/2015\/09\/thouin-joanie.jpg\"><img loading=\"lazy\" decoding=\"async\" src=\"http:\/\/stagesante.uqat.ca\/wp\/wp-content\/uploads\/2015\/09\/thouin-joanie.jpg\" alt=\"thouin joanie\" width=\"50\" height=\"65\" class=\"alignleft size-full wp-image-1838\" \/><\/a><\/td><td class=\"column-4\"><a href=\"mailto:joanie.thouin@uqat.ca\"><strong>Joanie Thouin<\/strong><\/a><\/td>\n<\/tr>\n<tr class=\"row-11\">\n\t<td class=\"column-1\"><a attid=\"1839\"  href=\"http:\/\/stagesante.uqat.ca\/wp\/wp-content\/uploads\/2015\/09\/veilleux-robitaille-audrey.jpg\"><img loading=\"lazy\" decoding=\"async\" src=\"http:\/\/stagesante.uqat.ca\/wp\/wp-content\/uploads\/2015\/09\/veilleux-robitaille-audrey.jpg\" alt=\"veilleux-robitaille audrey\" width=\"50\" height=\"65\" class=\"alignleft size-full wp-image-1839\" \/><\/a><\/td><td class=\"column-2\"><a href=\"mailto:audrey.veilleux-robitaille@uqat.ca\"><strong>Audrey Veilleux-Robitaille<\/strong><\/a><\/td><td class=\"column-3\"><\/td><td class=\"column-4\"><\/td>\n<\/tr>\n<tr class=\"row-12\">\n\t<td class=\"column-1\"><br\/><br\/><\/td><td class=\"column-2\"><\/td><td class=\"column-3\"><\/td><td class=\"column-4\"><\/td>\n<\/tr>\n<\/tbody>\n<\/table>\n<!-- #tablepress-14 from cache -->\n<!-- AddThis Advanced Settings generic via filter on the_content --><!-- AddThis Share Buttons generic via filter on the_content -->","protected":false},"excerpt":{"rendered":"<p>B\u00e9n\u00e9voles-responsables : &nbsp; Stagiaires infirmi\u00e8res :<!-- AddThis Advanced Settings generic via filter on wp_trim_excerpt --><!-- AddThis Share Buttons generic via filter on wp_trim_excerpt --><\/p>\n","protected":false},"author":1,"featured_media":0,"parent":0,"menu_order":0,"comment_status":"closed","ping_status":"closed","template":"","meta":{"_exactmetrics_skip_tracking":false,"_exactmetrics_sitenote_active":false,"_exactmetrics_sitenote_note":"","_exactmetrics_sitenote_category":0,"footnotes":""},"class_list":["post-1701","page","type-page","status-publish","hentry"],"_links":{"self":[{"href":"https:\/\/stagesante.uqat.ca\/wp\/index.php?rest_route=\/wp\/v2\/pages\/1701","targetHints":{"allow":["GET"]}}],"collection":[{"href":"https:\/\/stagesante.uqat.ca\/wp\/index.php?rest_route=\/wp\/v2\/pages"}],"about":[{"href":"https:\/\/stagesante.uqat.ca\/wp\/index.php?rest_route=\/wp\/v2\/types\/page"}],"author":[{"embeddable":true,"href":"https:\/\/stagesante.uqat.ca\/wp\/index.php?rest_route=\/wp\/v2\/users\/1"}],"replies":[{"embeddable":true,"href":"https:\/\/stagesante.uqat.ca\/wp\/index.php?rest_route=%2Fwp%2Fv2%2Fcomments&post=1701"}],"version-history":[{"count":1,"href":"https:\/\/stagesante.uqat.ca\/wp\/index.php?rest_route=\/wp\/v2\/pages\/1701\/revisions"}],"predecessor-version":[{"id":2620,"href":"https:\/\/stagesante.uqat.ca\/wp\/index.php?rest_route=\/wp\/v2\/pages\/1701\/revisions\/2620"}],"wp:attachment":[{"href":"https:\/\/stagesante.uqat.ca\/wp\/index.php?rest_route=%2Fwp%2Fv2%2Fmedia&parent=1701"}],"curies":[{"name":"wp","href":"https:\/\/api.w.org\/{rel}","templated":true}]}}