{"id":2296,"date":"2016-08-28T14:05:00","date_gmt":"2016-08-28T18:05:00","guid":{"rendered":"http:\/\/stagesante.uqat.ca\/?page_id=2296"},"modified":"2016-10-10T17:21:29","modified_gmt":"2016-10-10T21:21:29","slug":"missions-passees","status":"publish","type":"page","link":"https:\/\/stagesante.uqat.ca\/wp\/?page_id=2296","title":{"rendered":"Missions pass\u00e9es"},"content":{"rendered":"<h4><span style=\"color: #ee4525;\">Mission 2015 &#8211; S\u00e9n\u00e9gal &#8211; <strong>Annul\u00e9e<\/strong><\/span><\/h4>\n<p>[divider scroll_text=\u00a0\u00bb\u00a0\u00bb]<\/p>\n<h4><span style=\"color: #ee4525;\">Mission 2014 &#8211; P\u00e9rou<\/span><\/h4>\n<p>[column col=\u00a0\u00bb1\/3&Prime;]<\/p>\n<h5>B\u00e9n\u00e9voles<\/h5>\n<ul>\n<li>Mario Br\u00fbl\u00e9<\/li>\n<li>Roxanne Aub\u00e9<\/li>\n<li>G\u00e9rald Dion<\/li>\n<li>Thanh Liem Nguyen<\/li>\n<li>Guylain Demontigny<\/li>\n<li>L\u00e9onie Mvumbi-Mambu<\/li>\n<li>Olmer B\u00e9tancourth<\/li>\n<li>Monique Lalibert\u00e9<\/li>\n<li>Lucie Leclerc<\/li>\n<li>Anne Pomerleau<\/li>\n<\/ul>\n<p>[\/column]<br \/>\n[column col=\u00a0\u00bb1\/3&Prime;]<\/p>\n<h5>Stagiaires<\/h5>\n<ul>\n<li>Josiane Beaudoin<\/li>\n<li>Laurence Boisvert<\/li>\n<li>\u00c9milie Daigneault<\/li>\n<li>Marie-Pier Duhaime<\/li>\n<li>Joannie Emard<\/li>\n<li>Am\u00e9lie G.-Bouchard<\/li>\n<li>Audrey Gu\u00e9rette<\/li>\n<li>Megane Julien-Leclerc<\/li>\n<li>Carolane Lachapelle<\/li>\n<li>M\u00e9lanie Lamoureux<\/li>\n<li>Leslie Lapointe<\/li>\n<li>Karolane L\u00e9vesque<\/li>\n<li>Marim\u00e9e Michaud-Coutu<\/li>\n<li>No\u00e9mie Pilon<\/li>\n<li>Marie-Soleil R\u00e9hel<\/li>\n<li>Sabryna Robinson<\/li>\n<li>Genevi\u00e8ve Marie Maude Simard<\/li>\n<li>Kim Twardy<\/li>\n<\/ul>\n<p>[\/column]<br \/>\n[column col=\u00a0\u00bb1\/3&Prime;]<\/p>\n<h5 style=\"color: white;\">.<\/h5>\n<p>[\/column]<\/p>\n<p>[divider scroll_text=\u00a0\u00bb\u00a0\u00bb]<\/p>\n<h4><span style=\"color: #ee4525;\">Mission 2013 &#8211; S\u00e9n\u00e9gal<\/span><\/h4>\n<p>[column col=\u00a0\u00bb1\/3&Prime;]<\/p>\n<h5>B\u00e9n\u00e9voles<\/h5>\n<ul>\n<li>Mario Br\u00fbl\u00e9<\/li>\n<li>G\u00e9rald Dion<\/li>\n<li>Sylvie Th\u00e9berge<\/li>\n<li>Nancy Lyons<\/li>\n<li>Carol McCloskey<\/li>\n<li>Roxanne Aub\u00e9<\/li>\n<li>Malick Faye<\/li>\n<li>R\u00e9gent Beauvais<\/li>\n<li>Val\u00e9rie Blais<\/li>\n<li>Manon Br\u00fbl\u00e9<\/li>\n<li>Christine Desrochers<\/li>\n<li>Monique Fay<\/li>\n<li>Ga\u00e9tane Godbout<\/li>\n<li>Thanh Liem Nguyen<\/li>\n<li>Lauraine Martel<\/li>\n<li>Francis Marier<\/li>\n<li>F\u00e9lix-Antoine Mercier<\/li>\n<li>Lynn Turgeon<\/li>\n<\/ul>\n<p>[\/column]<br \/>\n[column col=\u00a0\u00bb1\/3&Prime;]<\/p>\n<h5>Stagiaires<\/h5>\n<ul>\n<li>Jessyca Bonhomme Savard<\/li>\n<li>Jos\u00e9anne Desrosiers<\/li>\n<li>Jessie Falardeau<\/li>\n<li>Marlen Gagnon<\/li>\n<li>Johanie Gingras<\/li>\n<li>Karine Laflamme<\/li>\n<li>Sophie-Daphn\u00e9e Lavigne<\/li>\n<li>Elsa Paquette<\/li>\n<li>K\u00e9ven Provencher<\/li>\n<li>Marie Pier Roy<\/li>\n<li>Monique Sirois<\/li>\n<li>Andr\u00e9anne Veillet L\u00e9vesque<\/li>\n<\/ul>\n<p>[\/column]<br \/>\n[column col=\u00a0\u00bb1\/3&Prime;]<\/p>\n<h5 style=\"color: white;\">.<\/h5>\n<p>[\/column]<\/p>\n<p>[divider scroll_text=\u00a0\u00bb\u00a0\u00bb]<\/p>\n<h4><span style=\"color: #ee4525;\">Mission 2012 &#8211; S\u00e9n\u00e9gal<\/span><\/h4>\n<p>[column col=\u00a0\u00bb1\/3&Prime;]<\/p>\n<h5>B\u00e9n\u00e9voles<\/h5>\n<ul>\n<li>Mario Br\u00fbl\u00e9<\/li>\n<li>G\u00e9rald Dion<\/li>\n<li>Sylvie Th\u00e9berge<\/li>\n<li>Marc-Andr\u00e9 Coursol-Tellier<\/li>\n<li>Malick Faye<\/li>\n<li>Nancy Lyons<\/li>\n<li>Carol McCloskey<\/li>\n<li>C\u00e9cile Laverdi\u00e8re<\/li>\n<li>Roxanne Aub\u00e9<\/li>\n<li>Guylain Demontigny<\/li>\n<li>Pauline Gervais<\/li>\n<li>Sylvie Hunter<\/li>\n<li>Suzanne Par\u00e9<\/li>\n<li>Audrey Valli\u00e8res<\/li>\n<li>Nicole Vincent<\/li>\n<\/ul>\n<p>[\/column]<br \/>\n[column col=\u00a0\u00bb1\/3&Prime;]<\/p>\n<h5>Stagiaires<\/h5>\n<ul>\n<li>Marylou B\u00e9chard<\/li>\n<li>Maude Bisson<\/li>\n<li>Isabelle Boucher<\/li>\n<li>Andr\u00e9anne Caron<\/li>\n<li>Joannie Demontigny<\/li>\n<li>Val\u00e9rie Drolet<\/li>\n<li>Perry-Anne Gagnon<\/li>\n<li>Karoland Guinard<\/li>\n<li>Marie-Pier H\u00e9lie<\/li>\n<li>\u00c9milie Lamarche<\/li>\n<li>Karine M\u00e9nard<\/li>\n<li>Carolyn Petit<\/li>\n<li>Genevi\u00e8ve Plourde<\/li>\n<\/ul>\n<p>[\/column]<br \/>\n[column col=\u00a0\u00bb1\/3&Prime;]<\/p>\n<h5 style=\"color: white;\">.<\/h5>\n<p>[\/column]<\/p>\n<p>[divider scroll_text=\u00a0\u00bb\u00a0\u00bb]<\/p>\n<h4><span style=\"color: #ee4525;\">Mission 2011 &#8211; S\u00e9n\u00e9gal<\/span><\/h4>\n<p>[column col=\u00a0\u00bb1\/3&Prime;]<\/p>\n<h5>B\u00e9n\u00e9voles<\/h5>\n<ul>\n<li>Mario Br\u00fbl\u00e9<\/li>\n<li>G\u00e9rald Dion<\/li>\n<li>Sylvie Th\u00e9berge<\/li>\n<li>Malick Faye<\/li>\n<li>Julie-M\u00e9lissa Picard<\/li>\n<li>Sarah Champagne<\/li>\n<li>Louise Lavine<\/li>\n<li>Nancy Lyons<\/li>\n<li>Nicole Marie Archambault<\/li>\n<li>Pierre-Andr\u00e9 B\u00e9langer<\/li>\n<li>Denis Cantin<\/li>\n<li>Marc-Andr\u00e9 Coursol-Tellier<\/li>\n<li>Suzelle Doucet<\/li>\n<li>Fran\u00e7ois Fisette<\/li>\n<li>Josianne H\u00e9bert<\/li>\n<li>Myl\u00e8ne Iborra<\/li>\n<li>Pauline Labranche<\/li>\n<li>Patrice Lalibert\u00e9<\/li>\n<li>Manon Lessard-B\u00e9langer<\/li>\n<li>Carol McCloskey<\/li>\n<li>Kaviraj Sinh Gosal<\/li>\n<li>Am\u00e9lie Sylvestre<\/li>\n<li>Katy Wait<\/li>\n<\/ul>\n<p>[\/column]<br \/>\n[column col=\u00a0\u00bb1\/3&Prime;]<\/p>\n<h5>Stagiaires<\/h5>\n<ul>\n<li>\u00c9milie Brousseau<\/li>\n<li>Marie-Pier Cot\u00e9<\/li>\n<li>Magalie Fraser<\/li>\n<li>Joanie Gagnon<\/li>\n<li>Isabelle Guimond<\/li>\n<li>Roxanne Langlois<\/li>\n<li>Marl\u00e8ne Lessard<\/li>\n<li>Nancy L\u00e9veill\u00e9<\/li>\n<li>Isabelle Mayrand<\/li>\n<li>\u00c9lizabeth Nickerson<\/li>\n<li>\u00c9milie Roy<\/li>\n<li>M\u00e9lissa Roy<\/li>\n<li>Marie-\u00c8ve Thibault-Roberge<\/li>\n<\/ul>\n<p>[\/column]<br \/>\n[column col=\u00a0\u00bb1\/3&Prime;]<\/p>\n<h5 style=\"color: white;\">.<\/h5>\n<p>[\/column]<\/p>\n<p>[divider scroll_text=\u00a0\u00bb\u00a0\u00bb]<\/p>\n<h4><span style=\"color: #ee4525;\">Mission 2010 &#8211; S\u00e9n\u00e9gal<\/span><\/h4>\n<p>[column col=\u00a0\u00bb1\/3&Prime;]<\/p>\n<h5>B\u00e9n\u00e9voles<\/h5>\n<ul>\n<li>Mario Br\u00fbl\u00e9<\/li>\n<li>C\u00e9cile Laverdi\u00e8re<\/li>\n<li>G\u00e9rald Dion<\/li>\n<li>Ginette Gilbert-Blais<\/li>\n<li>Sylvie Th\u00e9berge<\/li>\n<li>Malick Faye<\/li>\n<li>Julie Martineau<\/li>\n<li>Johanne Toupin<\/li>\n<li>Diane B\u00e9gin<\/li>\n<li>Linda Chr\u00e9tien<\/li>\n<li>Chantale Desch\u00eanes<\/li>\n<li>Karima El Moussati<\/li>\n<li>St\u00e9phanie Lafreni\u00e8re<\/li>\n<li>Manon Larivi\u00e8re<\/li>\n<li>Suzanne L\u00e9vesque<\/li>\n<li>Julie Parent<\/li>\n<li>Lyne Perrier<\/li>\n<li>Ga\u00e9tane Marie-Th\u00e9r\u00e8se Trudel<\/li>\n<\/ul>\n<p>[\/column]<br \/>\n[column col=\u00a0\u00bb1\/3&Prime;]<\/p>\n<h5>Stagiaires<\/h5>\n<ul>\n<li>Gis\u00e8le Beaus\u00e9jour<\/li>\n<li>Ta\u00efmae Ben Seddik<\/li>\n<li>Marie-Claire B\u00e9rub\u00e9-Leblanc<\/li>\n<li>Ariane Bondu<\/li>\n<li>M\u00e9lanie Caron-Croiseti\u00e8re<\/li>\n<li>Andr\u00e9e Dessureault<\/li>\n<li>Joanie \u00c9thier<\/li>\n<li>Marie-Mich\u00e8le Grenier<\/li>\n<li>Maxime Lacombe<\/li>\n<li>Chantal L\u00e9gar\u00e9<\/li>\n<li>Christelle Lemieux<\/li>\n<li>Chantal Nadeau<\/li>\n<li>Emilie Proulx<\/li>\n<li>Myl\u00e8ne Raymond<\/li>\n<li>Bianca Valli\u00e8res-Bellerose<\/li>\n<li>Myl\u00e8ne Verrette<\/li>\n<\/ul>\n<p>[\/column]<br \/>\n[column col=\u00a0\u00bb1\/3&Prime;]<\/p>\n<h5 style=\"color: white;\">.<\/h5>\n<p>[\/column]<\/p>\n<p>[divider scroll_text=\u00a0\u00bb\u00a0\u00bb]<\/p>\n<h4><span style=\"color: #ee4525;\">Mission 2009 &#8211; S\u00e9n\u00e9gal<\/span><\/h4>\n<p>[column col=\u00a0\u00bb1\/3&Prime;]<\/p>\n<h5>B\u00e9n\u00e9voles<\/h5>\n<ul>\n<li>Mario Br\u00fbl\u00e9<\/li>\n<li>C\u00e9cile Laverdi\u00e8re<\/li>\n<li>G\u00e9rald Dion<\/li>\n<li>Ginette Gilbert-Blais<\/li>\n<li>Sylvie Th\u00e9berge<\/li>\n<li>Malick Faye<\/li>\n<li>Sarah Champagne<\/li>\n<li>Darl\u00e8ne Fortin<\/li>\n<li>Denis Gigu\u00e8re<\/li>\n<li>Omar Mo\u00efses Hernandez-Castillon<\/li>\n<li>Am\u00e9lie Lamonde<\/li>\n<li>Louise Lavine<\/li>\n<li>Francine Lavoie<\/li>\n<li>Jean-Pierre Martin<\/li>\n<li>Suzie Moreau<\/li>\n<li>\u00c9tienne Rollin<\/li>\n<li>Chantal Tremblay<\/li>\n<\/ul>\n<p>[\/column]<br \/>\n[column col=\u00a0\u00bb1\/3&Prime;]<\/p>\n<h5>Stagiaires<\/h5>\n<ul>\n<li>St\u00e9phanie Bergeron<\/li>\n<li>Fanny Berthiaume-Dutil<\/li>\n<li>Danielle Bouchard<\/li>\n<li>Marilyn Carignan<\/li>\n<li>Karine Deslongchamps<\/li>\n<li>Val\u00e9rie Dickey<\/li>\n<li>M\u00e9lanie Frenette<\/li>\n<li>\u00c9lizabeth Hinton<\/li>\n<\/ul>\n<p>[\/column]<br \/>\n[column col=\u00a0\u00bb1\/3&Prime;]<\/p>\n<h5 style=\"color: white;\">.<\/h5>\n<ul>\n<li>Marie-Pier Laforge<\/li>\n<li>Val\u00e9rie Lafreni\u00e8re<\/li>\n<li>Joanie Lapointe<\/li>\n<li>M\u00e9lissa Lecomte<\/li>\n<li>Christine Moore<\/li>\n<li>Julie-M\u00e9lissa Picard<\/li>\n<li>\u00c9milie Poulin<\/li>\n<li>Peggy Solon<\/li>\n<\/ul>\n<p>[\/column]<\/p>\n<p>[divider scroll_text=\u00a0\u00bb\u00a0\u00bb]<\/p>\n<h4><span style=\"color: #ee4525;\">Mission 2008 &#8211; S\u00e9n\u00e9gal<\/span><\/h4>\n<p>[column col=\u00a0\u00bb1\/3&Prime;]<\/p>\n<h5>B\u00e9n\u00e9voles<\/h5>\n<ul>\n<li>Mario Br\u00fbl\u00e9<\/li>\n<li>Huguette St-Amant<\/li>\n<li>G\u00e9rald Dion<\/li>\n<li>Malick Faye<\/li>\n<li>No\u00eblla Bergeron<\/li>\n<li>Michelle Blagdon<\/li>\n<li>Karine Bourdon<\/li>\n<li>Marjolaine Eckert<\/li>\n<li>Ginette Gilbert-Blais<\/li>\n<li>Lexine Harvey<\/li>\n<li>M\u00e9lissa Julien<\/li>\n<li>Camille Lalonde<\/li>\n<li>C\u00e9cile Laverdi\u00e8re<\/li>\n<li>St\u00e9phanie Sabourin<\/li>\n<\/ul>\n<p>[\/column]<br \/>\n[column col=\u00a0\u00bb1\/3&Prime;]<\/p>\n<h5>Stagiaires<\/h5>\n<ul>\n<li>Fran\u00e7ois Gilbert<\/li>\n<li>Kate Gingras<\/li>\n<li>M\u00e9lissa Gosselin<\/li>\n<li>\u00c9laine Labrecque<\/li>\n<li>Marie-Johanne Lafontaine<\/li>\n<li>Karine Lamarche<\/li>\n<li>Karine L\u00e9tourneau<\/li>\n<li>Julie Martineau<\/li>\n<li>Yannick M\u00e9lan\u00e7on-La\u00eetre<\/li>\n<\/ul>\n<p>[\/column]<br \/>\n[column col=\u00a0\u00bb1\/3&Prime;]<\/p>\n<h5 style=\"color: white;\">.<\/h5>\n<ul>\n<li>Kathleen Mercier<\/li>\n<li>Genevi\u00e8ve Moreau<\/li>\n<li>Francine Pellerin<\/li>\n<li>Annie Petitclerc-Veillette<\/li>\n<li>Marie-Claude Robichaud<\/li>\n<li>Jessy Schorderet-Gianadda<\/li>\n<li>Sylvie Th\u00e9berge<\/li>\n<li>Andr\u00e9e Tremblay<\/li>\n<\/ul>\n<p>[\/column]<\/p>\n<p>[divider scroll_text=\u00a0\u00bb\u00a0\u00bb]<\/p>\n<h4><span style=\"color: #ee4525;\">Mission 2007 &#8211; S\u00e9n\u00e9gal<\/span><\/h4>\n<p>[column col=\u00a0\u00bb1\/3&Prime;]<\/p>\n<h5>B\u00e9n\u00e9voles<\/h5>\n<ul>\n<li>Mario Br\u00fbl\u00e9<\/li>\n<li>Huguette St-Amant<\/li>\n<li>G\u00e9rald Dion<\/li>\n<li>Malick Faye<\/li>\n<li>Lisa Fournier<\/li>\n<li>Jean-Francois Gravel<\/li>\n<li>Josianne Huet<\/li>\n<li>C\u00e9cile Laverdi\u00e8re<\/li>\n<li>No\u00e9mie Parayre<\/li>\n<li>Sheron Tremblay<\/li>\n<\/ul>\n<p>[\/column]<br \/>\n[column col=\u00a0\u00bb1\/3&Prime;]<\/p>\n<h5>Stagiaires<\/h5>\n<ul>\n<li>Martine Audet<\/li>\n<li>Annie Auger<\/li>\n<li>Marie-\u00c8ve B\u00e9rub\u00e9<\/li>\n<li>Karine Blais<\/li>\n<li>Karine Bourdon<\/li>\n<li>Marie-Pierre Boutin<\/li>\n<li>Marie-\u00c8ve Bri\u00e8re-Vachon<\/li>\n<li>Sarah Champagne<\/li>\n<li>Marie-\u00c8ve Dionne<\/li>\n<li>Nadine Gauthier<\/li>\n<\/ul>\n<p>[\/column]<br \/>\n[column col=\u00a0\u00bb1\/3&Prime;]<\/p>\n<h5 style=\"color: white;\">.<\/h5>\n<ul>\n<li>Val\u00e9rie Gilbert-Camirand<\/li>\n<li>Marie-\u00c8ve Girard<\/li>\n<li>Nadia Girard<\/li>\n<li>Sophie Girard<\/li>\n<li>Cynthia Hawley<\/li>\n<li>Andr\u00e9ane L\u00e9vesque<\/li>\n<li>Marilyne L\u00e9vesque<\/li>\n<li>Am\u00e9lie Mercier<\/li>\n<li>Joannie Trottier<\/li>\n<\/ul>\n<p>[\/column]<\/p>\n<p>[divider scroll_text=\u00a0\u00bb\u00a0\u00bb]<\/p>\n<h4><span style=\"color: #ee4525;\">Mission 2006 &#8211; S\u00e9n\u00e9gal<\/span><\/h4>\n<p>[column col=\u00a0\u00bb1\/3&Prime;]<\/p>\n<h5>B\u00e9n\u00e9voles<\/h5>\n<ul>\n<li>Mario Br\u00fbl\u00e9<\/li>\n<li>Huguette St-Amant<\/li>\n<li>Roland Filiatrault<\/li>\n<li>C\u00e9cile Laverdi\u00e8re<\/li>\n<\/ul>\n<p>[\/column]<br \/>\n[column col=\u00a0\u00bb1\/3&Prime;]<\/p>\n<h5>Stagiaires<\/h5>\n<ul>\n<li>Virginie Chabot<\/li>\n<li>St\u00e9phanie Faubert<\/li>\n<li>Isabelle Galarneau<\/li>\n<li>Jessica Gravel<\/li>\n<li>Karine La Rochelle<\/li>\n<\/ul>\n<p>[\/column]<br \/>\n[column col=\u00a0\u00bb1\/3&Prime;]<\/p>\n<h5 style=\"color: white;\">.<\/h5>\n<ul>\n<li>Catherine Lefebvre<\/li>\n<li>St\u00e9phanie Morin<\/li>\n<li>No\u00e9mie Parayre<\/li>\n<li>Nancy Richard<\/li>\n<li>Dominique St-Jacques<\/li>\n<\/ul>\n<p>[\/column]<\/p>\n<p>[divider scroll_text=\u00a0\u00bb\u00a0\u00bb]<\/p>\n<h4><span style=\"color: #ee4525;\">Mission 2005 &#8211; S\u00e9n\u00e9gal<\/span><\/h4>\n<p>[column col=\u00a0\u00bb1\/3&Prime;]<\/p>\n<h5>B\u00e9n\u00e9voles<\/h5>\n<ul>\n<li>Mario Br\u00fbl\u00e9<\/li>\n<\/ul>\n<p>[\/column]<br \/>\n[column col=\u00a0\u00bb1\/3&Prime;]<\/p>\n<h5>Stagiaires<\/h5>\n<ul>\n<li>Annie Auger<\/li>\n<li>Isabelle Beaudoin<\/li>\n<li>Sophie Brindamour-Durocher<\/li>\n<li>Val\u00e9rie \u00c9l\u00e9ment<\/li>\n<li>Marie-\u00c8ve Fortin<\/li>\n<li>Val\u00e9rie Gilbert<\/li>\n<li>Sonia Labrecque<\/li>\n<\/ul>\n<p>[\/column]<br \/>\n[column col=\u00a0\u00bb1\/3&Prime;]<\/p>\n<h5 style=\"color: white;\">.<\/h5>\n<ul>\n<li>Jos\u00e9e Mainville<\/li>\n<li>Marie-\u00c8ve Morin<\/li>\n<li>Marie-Jos\u00e9e Shink<\/li>\n<li>Huguette St-Amant<\/li>\n<li>M\u00e9lanie St-Amour<\/li>\n<li>Am\u00e9lie Voynaud<\/li>\n<\/ul>\n<p>[\/column]<\/p>\n<!-- AddThis Advanced Settings generic via filter on the_content --><!-- AddThis Share Buttons generic via filter on the_content -->","protected":false},"excerpt":{"rendered":"<p>Mission 2015 &#8211; S\u00e9n\u00e9gal &#8211; Annul\u00e9e [divider scroll_text=\u00a0\u00bb\u00a0\u00bb] Mission 2014 &#8211; P\u00e9rou [column col=\u00a0\u00bb1\/3&Prime;] B\u00e9n\u00e9voles Mario Br\u00fbl\u00e9 Roxanne Aub\u00e9 G\u00e9rald Dion Thanh Liem Nguyen Guylain Demontigny L\u00e9onie Mvumbi-Mambu Olmer B\u00e9tancourth Monique Lalibert\u00e9 Lucie Leclerc Anne Pomerleau [\/column] [column col=\u00a0\u00bb1\/3&Prime;] Stagiaires Josiane Beaudoin Laurence Boisvert \u00c9milie Daigneault Marie-Pier Duhaime Joannie Emard Am\u00e9lie G.-Bouchard Audrey Gu\u00e9rette Megane &hellip; <a href=\"https:\/\/stagesante.uqat.ca\/wp\/?page_id=2296\" class=\"more-link\">Continuer la lecture de <span class=\"screen-reader-text\">Missions pass\u00e9es<\/span>  <span class=\"meta-nav\">&rarr;<\/span><\/a><!-- AddThis Advanced Settings generic via filter on wp_trim_excerpt --><!-- AddThis Share Buttons generic via filter on wp_trim_excerpt --><\/p>\n","protected":false},"author":1,"featured_media":0,"parent":0,"menu_order":0,"comment_status":"closed","ping_status":"closed","template":"","meta":{"_exactmetrics_skip_tracking":false,"_exactmetrics_sitenote_active":false,"_exactmetrics_sitenote_note":"","_exactmetrics_sitenote_category":0,"footnotes":""},"class_list":["post-2296","page","type-page","status-publish","hentry"],"_links":{"self":[{"href":"https:\/\/stagesante.uqat.ca\/wp\/index.php?rest_route=\/wp\/v2\/pages\/2296","targetHints":{"allow":["GET"]}}],"collection":[{"href":"https:\/\/stagesante.uqat.ca\/wp\/index.php?rest_route=\/wp\/v2\/pages"}],"about":[{"href":"https:\/\/stagesante.uqat.ca\/wp\/index.php?rest_route=\/wp\/v2\/types\/page"}],"author":[{"embeddable":true,"href":"https:\/\/stagesante.uqat.ca\/wp\/index.php?rest_route=\/wp\/v2\/users\/1"}],"replies":[{"embeddable":true,"href":"https:\/\/stagesante.uqat.ca\/wp\/index.php?rest_route=%2Fwp%2Fv2%2Fcomments&post=2296"}],"version-history":[{"count":0,"href":"https:\/\/stagesante.uqat.ca\/wp\/index.php?rest_route=\/wp\/v2\/pages\/2296\/revisions"}],"wp:attachment":[{"href":"https:\/\/stagesante.uqat.ca\/wp\/index.php?rest_route=%2Fwp%2Fv2%2Fmedia&parent=2296"}],"curies":[{"name":"wp","href":"https:\/\/api.w.org\/{rel}","templated":true}]}}