{"id":396,"date":"2013-10-10T18:01:25","date_gmt":"2013-10-10T22:01:25","guid":{"rendered":"http:\/\/stagesante.uqat.ca\/wp\/?page_id=396"},"modified":"2016-08-29T13:27:58","modified_gmt":"2016-08-29T17:27:58","slug":"nous-joindre-3","status":"publish","type":"page","link":"https:\/\/stagesante.uqat.ca\/wp\/?page_id=396","title":{"rendered":"Nous Joindre"},"content":{"rendered":"<p><iframe loading=\"lazy\" src=\"https:\/\/maps.google.ca\/maps?f=q&amp;source=s_q&amp;hl=fr&amp;geocode=&amp;q=uqat,+445+boul+de+l'universit%C3%A9,+rouyn-noranda,+qc&amp;aq=&amp;sll=48.230855,-79.008045&amp;sspn=0.010549,0.024784&amp;ie=UTF8&amp;hq=uqat,+445+boul+de+l'universit%C3%A9,+rouyn-noranda,+qc&amp;ll=48.230848,-79.00805&amp;spn=0.006295,0.006295&amp;t=m&amp;output=embed\" width=\"100%\" height=\"180\" frameborder=\"0\" marginwidth=\"0\" marginheight=\"0\" scrolling=\"no\"><\/iframe><\/p>\n<p>&nbsp;<br \/>\n<strong>Universit\u00e9 du Qu\u00e9bec en Abitibi-T\u00e9miscamingue<\/strong><br \/>\n445, boul. de l&rsquo;Universit\u00e9, local D-517<br \/>\nRouyn-Noranda (Qu\u00e9bec) J9X 5E4<\/p>\n<p>T\u00e9l. : 819 762-0971 poste 2615<br \/>\nSans frais : 1 877 870-8728 poste 2615<br \/>\nT\u00e9l\u00e9c. : 819 797-4727<br \/>\n&nbsp;<br \/>\n[column col=\u00a0\u00bb1\/3&Prime;]<br \/>\n<a href=\"http:\/\/www.uqat.ca\/services\/personnel\/fiche.asp?Fiche=041015\" target=\"_blank\"><b>Mario Br\u00fbl\u00e9<\/b><\/a><br \/>\nProfesseur<br \/>Chef de mission<\/p>\n<p><a attid=\"1743\"  href=\"https:\/\/stagesante.uqat.ca\/wp\/wp-content\/uploads\/2013\/10\/Mario_Brule.jpg\"><img loading=\"lazy\" decoding=\"async\" src=\"https:\/\/stagesante.uqat.ca\/wp\/wp-content\/uploads\/2013\/10\/Mario_Brule.jpg\" alt=\"Mario_Brule\" width=\"220\" height=\"220\" class=\"alignleft size-full wp-image-1743\" srcset=\"https:\/\/stagesante.uqat.ca\/wp\/wp-content\/uploads\/2013\/10\/Mario_Brule.jpg 220w, https:\/\/stagesante.uqat.ca\/wp\/wp-content\/uploads\/2013\/10\/Mario_Brule-150x150.jpg 150w, https:\/\/stagesante.uqat.ca\/wp\/wp-content\/uploads\/2013\/10\/Mario_Brule-390x390.jpg 390w\" sizes=\"auto, (max-width: 220px) 100vw, 220px\" \/><\/a><br \/>\n[\/column]<\/p>\n<p>[divider scroll_text=\u00a0\u00bb\u00a0\u00bb]<\/p>\n<p>&nbsp;<\/p>\n<h4>\u00c9crivez-nous<\/h4>\n\n\n<!-- Fast Secure Contact Form plugin 4.0.52 - begin - FastSecureContactForm.com -->\r\n<div style=\"clear:both;\"><\/div>\n\r\n<div id=\"FSContact1\" style=\"width:99%; max-width:800px;\">\r\n<form enctype=\"multipart\/form-data\" action=\"https:\/\/stagesante.uqat.ca\/wp\/index.php?rest_route=%2Fwp%2Fv2%2Fpages%2F396#FSContact1\" id=\"fscf_form1\" method=\"post\">\r\n\n<div id=\"fscf_required1\">\n  <span style=\"text-align:left;\">*<\/span> <span style=\"text-align:left;\">Champs obligatoires<\/span>\n<\/div>\n\n\n<div id=\"fscf_div_clear1_0\" style=\"clear:both;\">\n  <div id=\"fscf_div_field1_0\" style=\"clear:left; float:left; width:99%; max-width:800px; margin-right:10px;\">\r\n    <div style=\"text-align:left; padding-top:5px;\">\n      <label style=\"text-align:left;\" for=\"fscf_name1\">Nom<span style=\"text-align:left;\">*<\/span><\/label>\n    <\/div>\r\n    <div style=\"text-align:left;\">\r\n      <input style=\"text-align:left; margin:0; width:99%; max-width:800px;\" type=\"text\" id=\"fscf_name1\" name=\"full_name\" value=\"\"  readonly=\"readonly\" \/>\r\n    <\/div>\r\n  <\/div>\n<\/div>\n\n<div id=\"fscf_div_clear1_1\" style=\"clear:both;\">\n  <div id=\"fscf_div_field1_1\" style=\"clear:left; float:left; width:99%; max-width:800px; margin-right:10px;\">\n    <div style=\"text-align:left; padding-top:5px;\">\n      <label style=\"text-align:left;\" for=\"fscf_email1\">Courriel :<span style=\"text-align:left;\">*<\/span><\/label>\n    <\/div>\n    <div style=\"text-align:left;\">\n      <input style=\"text-align:left; margin:0; width:99%; max-width:800px;\" type=\"text\" id=\"fscf_email1\" name=\"email\" value=\"\"  readonly=\"readonly\" \/>\n    <\/div>\n  <\/div>\n<\/div>\n\n<div id=\"fscf_div_clear1_2\" style=\"clear:both;\">\n  <div id=\"fscf_div_field1_2\" style=\"clear:left; float:left; width:99%; max-width:800px; margin-right:10px;\">\n    <div style=\"text-align:left; padding-top:5px;\">\n      <label style=\"text-align:left;\" for=\"fscf_field1_2\">Objet :<span style=\"text-align:left;\">*<\/span><\/label>\n    <\/div>\n    <div style=\"text-align:left;\">\n      <input style=\"text-align:left; margin:0; width:99%; max-width:800px;\" type=\"text\" id=\"fscf_field1_2\" name=\"subject\" value=\"\"  \/>\n    <\/div>\n  <\/div>\n<\/div>\n\n<div id=\"fscf_div_clear1_3\" style=\"clear:both;\">\n  <div id=\"fscf_div_field1_3\" style=\"clear:left; float:left; width:99%; max-width:800px; margin-right:10px;\">\n    <div style=\"text-align:left; padding-top:5px;\">\n      <label style=\"text-align:left;\" for=\"fscf_field1_3\">Message :<span style=\"text-align:left;\">*<\/span><\/label>\n    <\/div>\n    <div style=\"text-align:left;\">\n      <textarea style=\"text-align:left; margin:0; width:99%; max-width:800px; height:120px;\" id=\"fscf_field1_3\" name=\"message\" cols=\"30\" rows=\"10\" ><\/textarea>\n    <\/div>\n  <\/div>\n<\/div>\n\n<div id=\"fscf_div_clear1_4\" style=\"clear:both;\">\n  <div id=\"fscf_div_field1_4\" style=\"clear:left; float:left; width:99%; max-width:800px; margin-right:10px;\">\n    <div  id=\"fscf_label1_4\" style=\"text-align:left; padding-top:5px;\">\r\n      <label style=\"text-align:left;\" for=\"fscf_field1_4\">Pi\u00e8ce-jointe :<\/label>\n    <\/div>\n    <div style=\"text-align:left;\">\n      <input style=\"text-align:left; margin:0; width:99%; max-width:800px;\" type=\"file\" id=\"fscf_field1_4\" name=\"piece-jointe\"  size=\"20\" \/><br \/>\n      <span id=\"fscf_hint_file_types1_4\" style=\"font-size:x-small; font-weight:normal;\">Format de fichier accept\u00e9s : zip,doc,docx,xls,xlsx,ppt,pptx,pdf,txt,gif,jpg,jpeg,png<br \/>Taille maximum : 5mb<\/span>\n    <\/div>\n  <\/div>\n<\/div>\r\n<div style=\"clear:both;\"><\/div>\n\n<div style=\"text-align:left; padding-top:5px;\">\n<\/div>\n<div id=\"fscf_captcha_image_div1\" style=\"width:250px; height:65px; padding-top:2px;\">\n      <img loading=\"lazy\" decoding=\"async\" id=\"fscf_captcha_image1\" style=\"border-style:none; margin:0; padding:0px; padding-right:5px; float:left;\" src=\"https:\/\/stagesante.uqat.ca\/wp\/wp-content\/plugins\/si-contact-form\/captcha\/securimage_show.php?prefix=WGUJQJkk4yMRcd3N\" width=\"175\" height=\"60\" alt=\"Code Anti-spam\" title=\"Code Anti-spam\" \/>\n      <input id=\"fscf_captcha_prefix1\" type=\"hidden\" name=\"fscf_captcha_prefix1\" value=\"WGUJQJkk4yMRcd3N\" \/>\n     <div id=\"fscf_captcha_refresh1\">\n        <a href=\"#\" rel=\"nofollow\" title=\"Rafra\u00eechir\" onclick=\"fscf_captcha_refresh('1','\/wp\/wp-content\/plugins\/si-contact-form\/captcha','https:\/\/stagesante.uqat.ca\/wp\/wp-content\/plugins\/si-contact-form\/captcha\/securimage_show.php?prefix='); return false;\">\n        <img loading=\"lazy\" decoding=\"async\" src=\"https:\/\/stagesante.uqat.ca\/wp\/wp-content\/plugins\/si-contact-form\/captcha\/images\/refresh.png\" width=\"22\" height=\"20\" alt=\"Rafra\u00eechir\" style=\"border-style:none; margin:0; padding:0px; vertical-align:bottom;\" onclick=\"this.blur();\" \/><\/a>\r\n     <\/div>\r\n<\/div>\r\n\r\n<div id=\"fscf_captcha_field1\" style=\"text-align:left; padding-top:5px;\">\r\n     <label style=\"text-align:left;\" for=\"fscf_captcha_code1\">Code Anti-spam<span style=\"text-align:left;\">*<\/span><\/label>\r\n<\/div>\r\n<div style=\"text-align:left;\">\n     <input style=\"text-align:left; margin:0; width:50px;\" type=\"text\" value=\"\" autocomplete=\"off\" id=\"fscf_captcha_code1\" name=\"captcha_code\"  \/>\n<\/div>\n\n<div id=\"fscf_submit_div1\" style=\"text-align:left; clear:both; padding-top:15px;\">\r\n\t\t<input type=\"submit\" id=\"fscf_submit1\" style=\"cursor:pointer; margin:0;\" value=\"Envoyer\"  onclick=\"this.disabled=true; this.value='Soumis...'; this.form.submit();\" \/> <input type=\"reset\" id=\"fscf_reset1\" style=\"cursor:pointer; margin:0;\" value=\"Effacer les champs\" onclick=\"return confirm('Voulez-vous vraiment effacer le formulaire?')\" \/>\n<\/div>\n\n<input type=\"hidden\" name=\"fscf_submitted\" value=\"0\" \/>\n<input type=\"hidden\" name=\"fs_postonce_1\" value=\"6f92030d9ed94383d8f474cf6e75416e,1777400699\" \/>\n<input type=\"hidden\" name=\"si_contact_action\" value=\"send\" \/>\n<input type=\"hidden\" name=\"form_id\" value=\"1\" \/>\n<input type=\"hidden\" name=\"mailto_id\" value=\"1\" \/>\n\n<\/form>\n<\/div>\r\n<div style=\"clear:both;\"><\/div>\n\n<!-- Fast Secure Contact Form plugin 4.0.52 - end - FastSecureContactForm.com -->\n\n<!-- AddThis Advanced Settings generic via filter on the_content --><!-- AddThis Share Buttons generic via filter on the_content -->","protected":false},"excerpt":{"rendered":"<p>&nbsp; Universit\u00e9 du Qu\u00e9bec en Abitibi-T\u00e9miscamingue 445, boul. de l&rsquo;Universit\u00e9, local D-517 Rouyn-Noranda (Qu\u00e9bec) J9X 5E4 T\u00e9l. : 819 762-0971 poste 2615 Sans frais : 1 877 870-8728 poste 2615 T\u00e9l\u00e9c. : 819 797-4727 &nbsp; [column col=\u00a0\u00bb1\/3&Prime;] Mario Br\u00fbl\u00e9 ProfesseurChef de mission [\/column] [divider scroll_text=\u00a0\u00bb\u00a0\u00bb] &nbsp; \u00c9crivez-nous<!-- AddThis Advanced Settings generic via filter on wp_trim_excerpt --><!-- AddThis Share Buttons generic via filter on wp_trim_excerpt --><\/p>\n","protected":false},"author":1,"featured_media":0,"parent":0,"menu_order":0,"comment_status":"closed","ping_status":"closed","template":"","meta":{"_exactmetrics_skip_tracking":false,"_exactmetrics_sitenote_active":false,"_exactmetrics_sitenote_note":"","_exactmetrics_sitenote_category":0,"footnotes":""},"class_list":["post-396","page","type-page","status-publish","hentry"],"_links":{"self":[{"href":"https:\/\/stagesante.uqat.ca\/wp\/index.php?rest_route=\/wp\/v2\/pages\/396","targetHints":{"allow":["GET"]}}],"collection":[{"href":"https:\/\/stagesante.uqat.ca\/wp\/index.php?rest_route=\/wp\/v2\/pages"}],"about":[{"href":"https:\/\/stagesante.uqat.ca\/wp\/index.php?rest_route=\/wp\/v2\/types\/page"}],"author":[{"embeddable":true,"href":"https:\/\/stagesante.uqat.ca\/wp\/index.php?rest_route=\/wp\/v2\/users\/1"}],"replies":[{"embeddable":true,"href":"https:\/\/stagesante.uqat.ca\/wp\/index.php?rest_route=%2Fwp%2Fv2%2Fcomments&post=396"}],"version-history":[{"count":0,"href":"https:\/\/stagesante.uqat.ca\/wp\/index.php?rest_route=\/wp\/v2\/pages\/396\/revisions"}],"wp:attachment":[{"href":"https:\/\/stagesante.uqat.ca\/wp\/index.php?rest_route=%2Fwp%2Fv2%2Fmedia&parent=396"}],"curies":[{"name":"wp","href":"https:\/\/api.w.org\/{rel}","templated":true}]}}