{"id":427,"date":"2013-10-11T22:36:57","date_gmt":"2013-10-12T02:36:57","guid":{"rendered":"http:\/\/stagesante.uqat.ca\/wp\/?page_id=427"},"modified":"2017-12-17T17:59:47","modified_gmt":"2017-12-17T22:59:47","slug":"la-mission-stage-2","status":"publish","type":"page","link":"https:\/\/stagesante.uqat.ca\/wp\/?page_id=427","title":{"rendered":"La Mission-Stage &#8211; P\u00e9rou en mai 2018  &nbsp;<span style=\"color: silver; font-size: 80%;\">(page mise \u00e0 jour le 13 aout 2017)<\/span>"},"content":{"rendered":"<p>Bonjour \u00e0 vous, \u00e9tudiantes stagiaires en sciences infirmi\u00e8res de l&rsquo;UQAT et b\u00e9n\u00e9voles accompagnateurs. Nous sommes tr\u00e8s heureux de l&rsquo;int\u00e9r\u00eat que vous portez au stage international dont voici quelques informations pr\u00e9liminaires.<\/p>\n<p>Durant le mois de mai de chaque ann\u00e9e, le stage international se d\u00e9roule dans une zone rurale et isol\u00e9e et, en 2018, la destination sera <a href=\"https:\/\/goo.gl\/maps\/7ljOe\" target=\"_blank\" rel=\"noopener noreferrer\">Indiana<\/a> au P\u00e9rou dans un Poste de Sant\u00e9 en pleine jungle amazonienne. Le stage sera soutenu par l&rsquo;organisme de charit\u00e9 Infirmi\u00e8res et Infirmiers Sans Fronti\u00e8res (IISF).<\/p>\n<p>Le travail s&rsquo;effectuera en espagnol. Les conditions de vie sont rudimentaires l\u00e0 o\u00f9 nous allons, mais s\u00e9curitaires puisque nous appliquons toujours les normes strictes d&rsquo;<a href=\"http:\/\/sites-test.uclouvain.be\/stages-hygtrop\/\/index.html\" target=\"_blank\" rel=\"noopener noreferrer\">hygi\u00e8ne tropicale<\/a>,\u00a0les mesures de s\u00e9curit\u00e9 \u00e9mises pas IISF d\u00e9crit dans les Ententes de Collaboration UQAT-IISF (2015-2021), l\u2019Entente de Collaboration IISF et ses coop\u00e9rants, l\u2019Annexe 1 du Plan de cours <a href=\"http:\/\/www.uqat.ca\/etudes\/cours\/?code=SOI2541\" target=\"_blank\" rel=\"noopener\">SOI2541<\/a> et diff\u00e9rents Protocoles IISF en cas de situation d\u2019urgence ou de Diarrh\u00e9e des Coop\u00e9rants.<\/p>\n<p>Tout comme l\u2019organisme parraineur <a href=\"http:\/\/iisf.ca\/\" target=\"_blank\" rel=\"noopener noreferrer\">IISF<\/a>, nous souscrivons enti\u00e8rement aux recommandations de ;<\/p>\n<ul>\n<li><a href=\"https:\/\/www.inspq.qc.ca\/sante-voyage\/guide\" target=\"_blank\" rel=\"noopener noreferrer\">Institut National de Sant\u00e9 Publique du Qu\u00e9bec<\/a> (INSPQ) publi\u00e9e dans le Guide d\u2019intervention sant\u00e9-voyage,<\/li>\n<li><a href=\"http:\/\/www.phac-aspc.gc.ca\/tmp-pmv\/index-fra.php\" target=\"_blank\" rel=\"noopener noreferrer\">Agence de la Sant\u00e9 publique du Canada<\/a>,<\/li>\n<li><a href=\"http:\/\/voyage.gc.ca\/voyager\/sante-securite\" target=\"_blank\" rel=\"noopener noreferrer\">Sant\u00e9 et s\u00e9curit\u00e9 en voyage du Gouvernement Canadien<\/a>\u00a0et de<\/li>\n<li><a href=\"http:\/\/www.who.int\/fr\/\" target=\"_blank\" rel=\"noopener noreferrer\">Organisation Mondiale de la Sant\u00e9<\/a>.<\/li>\n<\/ul>\n<p>&nbsp;<br \/>\nVous assisterez \u00e0 plusieurs rencontres pr\u00e9paratoires (environ une par mois), dont deux rencontres de 2 jours et demi cons\u00e9cutifs (du vendredi soir au dimanche soir), l&rsquo;une \u00e0 l&rsquo;automne (organis\u00e9e par IISF) et l&rsquo;autre \u00e0 l&rsquo;hiver. Les deux rencontres sont obligatoires. Voir l&rsquo;<a href=\"https:\/\/stagesante.uqat.ca\/wp\/wp-content\/uploads\/2017\/12\/Horaire-preliminaire-mai18-version-20171217.pdf\" target=\"_blank\" rel=\"noopener noreferrer\">horaire pr\u00e9liminaire des rencontres<\/a> pour tous les d\u00e9tails.<\/p>\n<p>Vous devez obligatoirement proc\u00e9der \u00e0 une vaccination internationale (le vaccin de la rage est obligatoire pour le P\u00e9rou) et pr\u00e9voir des assurances voyages compl\u00e8tes : annulation, maladie et rapatriement. Vous devez \u00e9galement pr\u00e9senter un certificat de bonne sant\u00e9 physique et mentale compatible avec ce type de mission au mois de janvier pr\u00e9c\u00e9dent notre d\u00e9part.<\/p>\n<p>Votre budget total pour le stage est d\u00e9crit ci-dessous. Ensemble, nous d\u00e9terminerons les modalit\u00e9s de financement pour le groupe. Au mois d&rsquo;aout, vous devez faire un premier versement de 300$ et ainsi de suite jusqu&rsquo;au mois de f\u00e9vrier inclusivement, pour un total de 2,100$. Le tout est enti\u00e8rement remboursable en cas de retrait ou d&rsquo;abandon.<br \/>\n\n<table id=\"tablepress-1\" class=\"tablepress tablepress-id-1 tbody-has-connected-cells\">\n<thead>\n<tr class=\"row-1\">\n\t<th class=\"column-1\">Approximation du budget<sup>1<\/sup><\/th><td class=\"column-2\"><\/td>\n<\/tr>\n<\/thead>\n<tbody class=\"row-hover\">\n<tr class=\"row-2\">\n\t<td class=\"column-1\">Avion Montr\u00e9al-Lima-Iquitos, aller-retour<br\/>(pour les stagiaires, ce montant est rembours\u00e9 par l'UQAT)<\/td><td class=\"column-2\">1,400$<\/td>\n<\/tr>\n<tr class=\"row-3\">\n\t<td class=\"column-1\">Assurances compl\u00e8tes<\/td><td class=\"column-2\">150$<\/td>\n<\/tr>\n<tr class=\"row-4\">\n\t<td class=\"column-1\">Frais de subsistance<sup><strong>2<\/strong><\/sup><\/td><td class=\"column-2\">1,500$<\/td>\n<\/tr>\n<tr class=\"row-5\">\n\t<td class=\"column-1\">Vaccinations<sup><strong>3<\/strong><\/sup><\/td><td class=\"column-2\">900$<\/td>\n<\/tr>\n<tr class=\"row-6\">\n\t<td class=\"column-1\">Adh\u00e9sion et formation pr\u00e9d\u00e9part offerte par IISF<sup><strong>4<\/strong><\/sup><\/td><td class=\"column-2\">300$<\/td>\n<\/tr>\n<tr class=\"row-7\">\n\t<td class=\"column-1\"><strong>Total<\/strong><\/td><td class=\"column-2\"><strong>4,250$<\/strong><\/td>\n<\/tr>\n<tr class=\"row-8\">\n\t<td colspan=\"2\" class=\"column-1\"><ol><br \/>\n<li>Tous les montants indiqu\u00e9s ici sont des approximations et seront confirm\u00e9s plus tard.<\/li><br \/>\n<li>Ce montant couvrira tous les frais de groupe une fois rendu au P\u00e9rou (repas, h\u00e9bergements, d\u00e9placements, contribution au poste de sant\u00e9, etc.), mais n'inclut pas les d\u00e9penses personnelles ou sorties culturelles.<\/li><br \/>\n<li>Certains des vaccins et m\u00e9dications prophylactiques vous seront rembours\u00e9s par vos assurances.<\/li><br \/>\n<\/ol><\/td>\n<\/tr>\n<\/tbody>\n<\/table>\n<\/p>\n<p>Vous d\u00e9sirez bien vous pr\u00e9parer pour ce stage? Voici les 3 \u00e9tapes \u00e0 suivre :<\/p>\n<ol>\n<li>Remplir votre formulaire de candidature que vous trouverez dans la page <a href=\"http:\/\/stagesante.uqat.ca\/?page_id=536\" target=\"_blank\" rel=\"noopener noreferrer\">Stagiaires <\/a>et suivre les instructions.<\/li>\n<li>D\u00e8s que votre candidature est accept\u00e9e, compl\u00e9tez votre adh\u00e9sion pour devenir membre de IISF par le biais de la page <a href=\"http:\/\/iisf.ca\/?page_id=2476\" target=\"_blank\" rel=\"noopener noreferrer\">Dons &amp; Adh\u00e9sions<\/a> de l&rsquo;organisme et suivre les instructions.<\/li>\n<li>Pour terminer, inscrivez-vous \u00e0 la formation pr\u00e9d\u00e9part (obligatoire) offerte par IISF en visitant la page <a href=\"http:\/\/iisf.ca\/?page_id=3185\" target=\"_blank\" rel=\"noopener noreferrer\">Formation pr\u00e9d\u00e9part<\/a> de l&rsquo;organisme et suivre les instructions.<\/li>\n<\/ol>\n<p>\u00c9tant donn\u00e9 la grande popularit\u00e9 de ce stage en sp\u00e9cialit\u00e9 et les particularit\u00e9s reli\u00e9es \u00e0 cette Mission-Stage tant sur le plan clinique que sur le plan humanitaire, nous devrons proc\u00e9der \u00e0 une rigoureuse s\u00e9lection de tous les participants.<\/p>\n<p>Pour en savoir davantage, consultez les pages\u00a0<a href=\"https:\/\/stagesante.uqat.ca\/wp\/?page_id=536\">Stagiaires<\/a>\u00a0et\u00a0<a href=\"https:\/\/stagesante.uqat.ca\/wp\/?page_id=578\">B\u00e9n\u00e9voles<\/a>.<\/p>\n<p>[message_box title=\u00a0\u00bbPage Facebook de la Mission-Stage P\u00e9rou &#8211; mai 2018&Prime; color=\u00a0\u00bbblue\u00a0\u00bb]<br \/>\n<a href=\"https:\/\/stagesante.uqat.ca\/wp\/wp-content\/uploads\/2013\/10\/FB.png\"><img loading=\"lazy\" decoding=\"async\" class=\"alignleft wp-image-2583\" src=\"https:\/\/stagesante.uqat.ca\/wp\/wp-content\/uploads\/2013\/10\/FB.png\" alt=\"\" width=\"50\" height=\"50\" \/><\/a>Vous avez des questions? Vous d\u00e9sirez \u00e9changer entre stagiaires et b\u00e9n\u00e9voles? Nous avons cr\u00e9\u00e9 une page Facebook afin de faciliter vos \u00e9changes en un seul et m\u00eame endroit. Ce groupe sera public jusqu\u2019au moment o\u00f9 les individus faisant partie de la mission stage seront confirm\u00e9s.<br \/>\nVoici le lien vers cette page : <a href=\"https:\/\/www.facebook.com\/groups\/1801567936825703\/\" target=\"_blank\" rel=\"noopener\">Facebook UQAT STAGESANTE 2018<\/a><br \/>\n[\/message_box]<\/p>\n<!-- AddThis Advanced Settings generic via filter on the_content --><!-- AddThis Share Buttons generic via filter on the_content -->","protected":false},"excerpt":{"rendered":"<p>Bonjour \u00e0 vous, \u00e9tudiantes stagiaires en sciences infirmi\u00e8res de l&rsquo;UQAT et b\u00e9n\u00e9voles accompagnateurs. Nous sommes tr\u00e8s heureux de l&rsquo;int\u00e9r\u00eat que vous portez au stage international dont voici quelques informations pr\u00e9liminaires. Durant le mois de mai de chaque ann\u00e9e, le stage international se d\u00e9roule dans une zone rurale et isol\u00e9e et, en 2018, la destination sera &hellip; <a href=\"https:\/\/stagesante.uqat.ca\/wp\/?page_id=427\" class=\"more-link\">Continuer la lecture de <span class=\"screen-reader-text\">La Mission-Stage &#8211; P\u00e9rou en mai 2018  &nbsp;<span style=\"color: silver; font-size: 80%;\">(page mise \u00e0 jour le 13 aout 2017)<\/span><\/span>  <span class=\"meta-nav\">&rarr;<\/span><\/a><!-- AddThis Advanced Settings generic via filter on wp_trim_excerpt --><!-- AddThis Share Buttons generic via filter on wp_trim_excerpt --><\/p>\n","protected":false},"author":1,"featured_media":0,"parent":0,"menu_order":0,"comment_status":"closed","ping_status":"closed","template":"","meta":{"_exactmetrics_skip_tracking":false,"_exactmetrics_sitenote_active":false,"_exactmetrics_sitenote_note":"","_exactmetrics_sitenote_category":0,"footnotes":""},"class_list":["post-427","page","type-page","status-publish","hentry"],"_links":{"self":[{"href":"https:\/\/stagesante.uqat.ca\/wp\/index.php?rest_route=\/wp\/v2\/pages\/427","targetHints":{"allow":["GET"]}}],"collection":[{"href":"https:\/\/stagesante.uqat.ca\/wp\/index.php?rest_route=\/wp\/v2\/pages"}],"about":[{"href":"https:\/\/stagesante.uqat.ca\/wp\/index.php?rest_route=\/wp\/v2\/types\/page"}],"author":[{"embeddable":true,"href":"https:\/\/stagesante.uqat.ca\/wp\/index.php?rest_route=\/wp\/v2\/users\/1"}],"replies":[{"embeddable":true,"href":"https:\/\/stagesante.uqat.ca\/wp\/index.php?rest_route=%2Fwp%2Fv2%2Fcomments&post=427"}],"version-history":[{"count":38,"href":"https:\/\/stagesante.uqat.ca\/wp\/index.php?rest_route=\/wp\/v2\/pages\/427\/revisions"}],"predecessor-version":[{"id":2631,"href":"https:\/\/stagesante.uqat.ca\/wp\/index.php?rest_route=\/wp\/v2\/pages\/427\/revisions\/2631"}],"wp:attachment":[{"href":"https:\/\/stagesante.uqat.ca\/wp\/index.php?rest_route=%2Fwp%2Fv2%2Fmedia&parent=427"}],"curies":[{"name":"wp","href":"https:\/\/api.w.org\/{rel}","templated":true}]}}