{"id":536,"date":"2013-10-12T12:29:33","date_gmt":"2013-10-12T16:29:33","guid":{"rendered":"http:\/\/stagesante.uqat.ca\/wp\/?page_id=536"},"modified":"2017-12-17T18:02:14","modified_gmt":"2017-12-17T23:02:14","slug":"stagiaires-2","status":"publish","type":"page","link":"https:\/\/stagesante.uqat.ca\/wp\/?page_id=536","title":{"rendered":"Stagiaires"},"content":{"rendered":"<p>[message_box title=\u00a0\u00bbD\u00e9p\u00f4t des candidatures\u00a0\u00bb color=\u00a0\u00bbyellow\u00a0\u00bb]Pour la Mission-Stage en mai 2018, le dossier des \u00e9tudiantes et des \u00e9tudiants doit \u00eatre d\u00e9pos\u00e9 au plus tard le dimanche 3 septembre 2017.[\/message_box]<\/p>\n<p>&nbsp;<br \/>\n\u00c9tant donn\u00e9 la grande popularit\u00e9 de ce stage en sp\u00e9cialit\u00e9 o\u00f9 vous aurez l&rsquo;occasion d&rsquo;exercer le r\u00f4le \u00e9largi de l&rsquo;infirmi\u00e8re aupr\u00e8s d&rsquo;une \u00e9quipe d&rsquo;intervenants interdisciplinaires et les particularit\u00e9s reli\u00e9es \u00e0 celui-ci tant sur le plan clinique que sur le plan humanitaire, nous devrons proc\u00e9der \u00e0 une s\u00e9lection des \u00e9tudiants.<\/p>\n<ul class=\"pdf_bullet\">\n<li><a href=\"https:\/\/stagesante.uqat.ca\/wp\/wp-content\/uploads\/2016\/02\/criteres_selection_stagiaire_stage_int_v20160217.pdf\" target=\"_new\">Crit\u00e8res de s\u00e9lection des \u00e9tudiants<\/a><\/li>\n<li><a href=\"https:\/\/stagesante.uqat.ca\/wp\/wp-content\/uploads\/2016\/02\/formulaire_de_desistement_stagiaires_accompagnateurs.pdf\" target=\"_new\">Formulaire de d\u00e9sistement<\/a><\/li>\n<\/ul>\n<p>&nbsp;<br \/>\nIl s&rsquo;agit d&rsquo;un stage de six cr\u00e9dits et la s\u00e9lection se fera \u00e0 partir de : la qualit\u00e9 de votre dossier acad\u00e9mique, vos int\u00e9r\u00eats professionnels, votre motivation personnelle, vos exp\u00e9riences ant\u00e9rieures ainsi que votre capacit\u00e9 \u00e0 travailler en \u00e9quipe. De plus, vous aurez besoin de l&rsquo;appui de vos professeurs et employeurs. Noter que seuls les \u00e9tudiants d\u00fbment inscrits au stage SOI2541 seront accept\u00e9s en tant que stagiaires.<\/p>\n<p>En plus des rencontres pr\u00e9paratoires, il y aura deux rencontres post-stage et toutes les rencontres sont obligatoires.<\/p>\n<ul>\n<li><a href=\"https:\/\/stagesante.uqat.ca\/wp\/wp-content\/uploads\/2017\/12\/Horaire-preliminaire-mai18-version-20171217.pdf\" target=\"_blank\">Horaire pr\u00e9liminaire des rencontres \u2013 Mission 2018<\/a><\/li>\n<\/ul>\n<p>&nbsp;<br \/>\nSi vous d\u00e9sirez soumettre votre candidature, vous devez donc t\u00e9l\u00e9charger, imprimer et compl\u00e9ter les 2 documents identifi\u00e9s ici :<\/p>\n<ol>\n<li><a attid=\"1751\"  href=\"https:\/\/stagesante.uqat.ca\/wp\/wp-content\/uploads\/2016\/03\/formulaire_inscription_stagiaire_internationale_version-finale.docx\" target=\"_new\">Formulaire d&rsquo;inscription<\/a> &#8211; \u00c9tudiant (format Word)<\/li>\n<li><a href=\"https:\/\/stagesante.uqat.ca\/wp\/wp-content\/uploads\/2016\/02\/appui_candidature_stagiaires_v20160217.pdf\" target=\"_new\">Lettre d&rsquo;appui \u00e0 la candidature<\/a> &#8211; \u00c9tudiant<\/li>\n<\/ol>\n<p>&nbsp;<br \/>\nPour information contacter <strong>par courriel<\/strong> : <a href=\"mailto:mario.brule@uqat.ca\" >mario.brule@uqat.ca<\/a><\/p>\n<p>Poster ou t\u00e9l\u00e9copier ou pour de l&rsquo;assistance, veuillez contacter : <a href=\"http:\/\/www.uqat.ca\/services\/personnel\/fiche.asp?Fiche=080100\" target=\"_new\">Isabelle Picard<\/a> &#8211; Agente de stage<\/p>\n<p>Ult\u00e9rieurement, les personnes s\u00e9lectionn\u00e9es devront fournir un :<\/p>\n<ul>\n<li><a attid=\"2459\"  href=\"https:\/\/stagesante.uqat.ca\/wp\/wp-content\/uploads\/2016\/10\/Formulaire-de-bonne-sante_IISF_fev2015.pdf\" target=\"_blank\">Certificat de bonne sant\u00e9 &#8211; \u00c9tudiants stagiaires<\/a><\/li>\n<\/ul>\n<p>&nbsp;<\/p>\n<!-- AddThis Advanced Settings generic via filter on the_content --><!-- AddThis Share Buttons generic via filter on the_content -->","protected":false},"excerpt":{"rendered":"<p>[message_box title=\u00a0\u00bbD\u00e9p\u00f4t des candidatures\u00a0\u00bb color=\u00a0\u00bbyellow\u00a0\u00bb]Pour la Mission-Stage en mai 2018, le dossier des \u00e9tudiantes et des \u00e9tudiants doit \u00eatre d\u00e9pos\u00e9 au plus tard le dimanche 3 septembre 2017.[\/message_box] &nbsp; \u00c9tant donn\u00e9 la grande popularit\u00e9 de ce stage en sp\u00e9cialit\u00e9 o\u00f9 vous aurez l&rsquo;occasion d&rsquo;exercer le r\u00f4le \u00e9largi de l&rsquo;infirmi\u00e8re aupr\u00e8s d&rsquo;une \u00e9quipe d&rsquo;intervenants interdisciplinaires et &hellip; <a href=\"https:\/\/stagesante.uqat.ca\/wp\/?page_id=536\" class=\"more-link\">Continuer la lecture de <span class=\"screen-reader-text\">Stagiaires<\/span>  <span class=\"meta-nav\">&rarr;<\/span><\/a><!-- AddThis Advanced Settings generic via filter on wp_trim_excerpt --><!-- AddThis Share Buttons generic via filter on wp_trim_excerpt --><\/p>\n","protected":false},"author":1,"featured_media":0,"parent":0,"menu_order":0,"comment_status":"closed","ping_status":"closed","template":"","meta":{"_exactmetrics_skip_tracking":false,"_exactmetrics_sitenote_active":false,"_exactmetrics_sitenote_note":"","_exactmetrics_sitenote_category":0,"footnotes":""},"class_list":["post-536","page","type-page","status-publish","hentry"],"_links":{"self":[{"href":"https:\/\/stagesante.uqat.ca\/wp\/index.php?rest_route=\/wp\/v2\/pages\/536","targetHints":{"allow":["GET"]}}],"collection":[{"href":"https:\/\/stagesante.uqat.ca\/wp\/index.php?rest_route=\/wp\/v2\/pages"}],"about":[{"href":"https:\/\/stagesante.uqat.ca\/wp\/index.php?rest_route=\/wp\/v2\/types\/page"}],"author":[{"embeddable":true,"href":"https:\/\/stagesante.uqat.ca\/wp\/index.php?rest_route=\/wp\/v2\/users\/1"}],"replies":[{"embeddable":true,"href":"https:\/\/stagesante.uqat.ca\/wp\/index.php?rest_route=%2Fwp%2Fv2%2Fcomments&post=536"}],"version-history":[{"count":18,"href":"https:\/\/stagesante.uqat.ca\/wp\/index.php?rest_route=\/wp\/v2\/pages\/536\/revisions"}],"predecessor-version":[{"id":2633,"href":"https:\/\/stagesante.uqat.ca\/wp\/index.php?rest_route=\/wp\/v2\/pages\/536\/revisions\/2633"}],"wp:attachment":[{"href":"https:\/\/stagesante.uqat.ca\/wp\/index.php?rest_route=%2Fwp%2Fv2%2Fmedia&parent=536"}],"curies":[{"name":"wp","href":"https:\/\/api.w.org\/{rel}","templated":true}]}}