{"id":578,"date":"2013-10-12T13:45:48","date_gmt":"2013-10-12T17:45:48","guid":{"rendered":"http:\/\/stagesante.uqat.ca\/wp\/?page_id=578"},"modified":"2017-12-17T18:00:53","modified_gmt":"2017-12-17T23:00:53","slug":"benevoles-2","status":"publish","type":"page","link":"https:\/\/stagesante.uqat.ca\/wp\/?page_id=578","title":{"rendered":"B\u00e9n\u00e9voles"},"content":{"rendered":"<p>[message_box title=\u00a0\u00bbD\u00e9p\u00f4t des candidatures\u00a0\u00bb color=\u00a0\u00bbyellow\u00a0\u00bb]Pour la Mission-Stage en mai 2018, le dossier des b\u00e9n\u00e9voles doit \u00eatre d\u00e9pos\u00e9 au plus tard le dimanche 3 septembre 2017.[\/message_box]<br \/>\nChaque ann\u00e9e, une \u00e9quipe de b\u00e9n\u00e9voles se joint \u00e0 nous en offrant leurs talents \u00e0 la Mission tant au niveau logistique qu&rsquo;au niveau clinique.<\/p>\n<ul>\n<li><a href=\"https:\/\/stagesante.uqat.ca\/wp\/wp-content\/uploads\/2016\/02\/profil_benevole_recherche_v20160217.pdf\" target=\"_new\">Description du profil recherch\u00e9<\/a><\/li>\n<li><a href=\"https:\/\/stagesante.uqat.ca\/wp\/wp-content\/uploads\/2016\/02\/criteres_selection_accompagnateur-benevole_v20160217.pdf\" target=\"_new\">Crit\u00e8res de s\u00e9lection des b\u00e9n\u00e9voles<\/a><\/li>\n<li><a href=\"https:\/\/stagesante.uqat.ca\/wp\/wp-content\/uploads\/2016\/02\/formulaire_de_desistement_stagiaires_accompagnateurs.pdf\" target=\"_new\">Formulaire de d\u00e9sistement<\/a><\/li>\n<\/ul>\n<p>&nbsp;<br \/>\nEn plus d\u2019avoir l\u2019opportunit\u00e9 d\u2019assister aux formations offertes aux stagiaires du baccalaur\u00e9at en sciences infirmi\u00e8res, il y a aussi possibilit\u00e9 de formation suppl\u00e9mentaire \u00e0 la <a href=\"http:\/\/www.uqat.ca\/santemondiale\/\" target=\"_new\">Sant\u00e9 Mondiale<\/a> par des cours \u00e0 distance.<\/p>\n<p>Les b\u00e9n\u00e9voles b\u00e9n\u00e9ficient d\u2019un calendrier de rencontre moins exigeant s\u2019ils ne sont pas de la r\u00e9gion Abitibi-T\u00e9miscamingue et ainsi ne font pas partie du groupe de financement.\u00a0De plus, il y aura deux d\u00e9placements obligatoires, un \u00e0 l&rsquo;automne pour la formation de <a href=\"http:\/\/iisf.ca\/\" target=\"_blank\" rel=\"noopener noreferrer\">IISF<\/a> et un au printemps pour la derni\u00e8re rencontre de groupe avant le d\u00e9part. Voir l&rsquo;horaire ci-dessous :<\/p>\n<ul>\n<li><a href=\"https:\/\/stagesante.uqat.ca\/wp\/wp-content\/uploads\/2017\/12\/Horaire-preliminaire-mai18-version-20171217.pdf\" target=\"_blank\" rel=\"noopener\">Horaire pr\u00e9liminaire des rencontres \u2013 Mission 2018<\/a><\/li>\n<\/ul>\n<p>&nbsp;<br \/>\nPour toutes les missions, une formation pr\u00e9alable et obligatoire est offerte par IISF. S.v.p. consulter la page <a href=\"http:\/\/iisf.ca\/?page_id=3185\" target=\"_blank\" rel=\"noopener noreferrer\">formation\u00a0pr\u00e9d\u00e9part<\/a> sur le site de IISF pour tous les d\u00e9tails.<\/p>\n<p>Si vous d\u00e9sirez soumettre votre candidature, vous devez donc t\u00e9l\u00e9charger, imprimer et compl\u00e9ter les 2 documents identifi\u00e9s ici et y joindre votre CV :<\/p>\n<ol>\n<li><a href=\"https:\/\/stagesante.uqat.ca\/wp\/wp-content\/uploads\/2016\/03\/formulaire_inscription_benevoles_international_version_finale_2016-03-07.docx\" target=\"_new\">Formulaire d\u2019inscription<\/a> &#8211; B\u00e9n\u00e9vole (format Word)<\/li>\n<li><a href=\"https:\/\/stagesante.uqat.ca\/wp\/wp-content\/uploads\/2016\/02\/appui_candidature_benevole_v20160217.pdf\" target=\"_new\">Lettre d\u2019appui \u00e0 la candidature<\/a> &#8211; B\u00e9n\u00e9vole<\/li>\n<li>Joindre votre CV \u00e0 jour<\/li>\n<\/ol>\n<p>&nbsp;<br \/>\nPour information contacter <strong>par courriel<\/strong> : <a href=\"mailto:mario.brule@uqat.ca\">mario.brule@uqat.ca<\/a><\/p>\n<p>Ult\u00e9rieurement, les personnes s\u00e9lectionn\u00e9es devront fournir un :<\/p>\n<ul>\n<li><a href=\"https:\/\/stagesante.uqat.ca\/wp\/wp-content\/uploads\/2016\/10\/Formulaire-de-bonne-sante_IISF_fev2015.pdf\" target=\"_blank\" rel=\"noopener noreferrer\">Certificat de bonne sant\u00e9<\/a><\/li>\n<\/ul>\n<p>&nbsp;<br \/>\nPoster ou t\u00e9l\u00e9copier ou pour de l&rsquo;assistance, veuillez contacter : <a href=\"http:\/\/www.uqat.ca\/services\/personnel\/fiche.asp?Fiche=080100\" target=\"_new\">Isabelle Picard<\/a> &#8211; Agente de stage<\/p>\n<!-- AddThis Advanced Settings generic via filter on the_content --><!-- AddThis Share Buttons generic via filter on the_content -->","protected":false},"excerpt":{"rendered":"<p>[message_box title=\u00a0\u00bbD\u00e9p\u00f4t des candidatures\u00a0\u00bb color=\u00a0\u00bbyellow\u00a0\u00bb]Pour la Mission-Stage en mai 2018, le dossier des b\u00e9n\u00e9voles doit \u00eatre d\u00e9pos\u00e9 au plus tard le dimanche 3 septembre 2017.[\/message_box] Chaque ann\u00e9e, une \u00e9quipe de b\u00e9n\u00e9voles se joint \u00e0 nous en offrant leurs talents \u00e0 la Mission tant au niveau logistique qu&rsquo;au niveau clinique. Description du profil recherch\u00e9 Crit\u00e8res de &hellip; <a href=\"https:\/\/stagesante.uqat.ca\/wp\/?page_id=578\" class=\"more-link\">Continuer la lecture de <span class=\"screen-reader-text\">B\u00e9n\u00e9voles<\/span>  <span class=\"meta-nav\">&rarr;<\/span><\/a><!-- AddThis Advanced Settings generic via filter on wp_trim_excerpt --><!-- AddThis Share Buttons generic via filter on wp_trim_excerpt --><\/p>\n","protected":false},"author":1,"featured_media":0,"parent":0,"menu_order":0,"comment_status":"closed","ping_status":"closed","template":"","meta":{"_exactmetrics_skip_tracking":false,"_exactmetrics_sitenote_active":false,"_exactmetrics_sitenote_note":"","_exactmetrics_sitenote_category":0,"footnotes":""},"class_list":["post-578","page","type-page","status-publish","hentry"],"_links":{"self":[{"href":"https:\/\/stagesante.uqat.ca\/wp\/index.php?rest_route=\/wp\/v2\/pages\/578","targetHints":{"allow":["GET"]}}],"collection":[{"href":"https:\/\/stagesante.uqat.ca\/wp\/index.php?rest_route=\/wp\/v2\/pages"}],"about":[{"href":"https:\/\/stagesante.uqat.ca\/wp\/index.php?rest_route=\/wp\/v2\/types\/page"}],"author":[{"embeddable":true,"href":"https:\/\/stagesante.uqat.ca\/wp\/index.php?rest_route=\/wp\/v2\/users\/1"}],"replies":[{"embeddable":true,"href":"https:\/\/stagesante.uqat.ca\/wp\/index.php?rest_route=%2Fwp%2Fv2%2Fcomments&post=578"}],"version-history":[{"count":30,"href":"https:\/\/stagesante.uqat.ca\/wp\/index.php?rest_route=\/wp\/v2\/pages\/578\/revisions"}],"predecessor-version":[{"id":2632,"href":"https:\/\/stagesante.uqat.ca\/wp\/index.php?rest_route=\/wp\/v2\/pages\/578\/revisions\/2632"}],"wp:attachment":[{"href":"https:\/\/stagesante.uqat.ca\/wp\/index.php?rest_route=%2Fwp%2Fv2%2Fmedia&parent=578"}],"curies":[{"name":"wp","href":"https:\/\/api.w.org\/{rel}","templated":true}]}}