{"id":735,"date":"2013-10-13T20:29:06","date_gmt":"2013-10-14T00:29:06","guid":{"rendered":"http:\/\/stagesante.uqat.ca\/wp\/?page_id=735"},"modified":"2016-08-29T18:06:05","modified_gmt":"2016-08-29T22:06:05","slug":"temoignages-2","status":"publish","type":"page","link":"https:\/\/stagesante.uqat.ca\/wp\/?page_id=735","title":{"rendered":"T\u00e9moignages"},"content":{"rendered":"<p>[column col=\u00a0\u00bb1\/4&Prime;]<a href=\"https:\/\/stagesante.uqat.ca\/wp\/wp-content\/uploads\/2013\/09\/gerald_dion_2.jpg\"><img loading=\"lazy\" decoding=\"async\" class=\"alignleft size-full wp-image-339\" src=\"https:\/\/stagesante.uqat.ca\/wp\/wp-content\/uploads\/2013\/09\/gerald_dion_2.jpg\" alt=\"gerald_dion_2\" width=\"125\" height=\"118\" \/><\/a><br \/>\n[\/column]<\/p>\n<p>[column col=\u00a0\u00bb3\/4&Prime;]<\/p>\n<h6 style=\"line-height: 17px;\"><span style=\"color: #ff6600;\">Dr G\u00e9rald Dion &#8211; B\u00e9n\u00e9vole, missions 2007 \u00e0 ce jour<\/span><br \/>\n<br \/>M\u00e9decin g\u00e9n\u00e9raliste transculturel<br \/>\n<br \/>Centre communautaire Miyupimaatisiin, Mistissini, Qc<br \/>\n[divider scroll_text=\u00a0\u00bb\u00a0\u00bb]<br \/>\n<\/h6>\n<p>C&rsquo;est toujours un privil\u00e8ge d&rsquo;accompagner votre jeunesse COMPASSION-SANT\u00c9 dans la PASSION HUMANITAIRE de M. Br\u00fbl\u00e9 + des gens de la Mission-Stage !!!<br \/>\n<br \/>Je vous honore de votre priorit\u00e9 d&rsquo;apporter aide \u00e0 ces petits villages tr\u00e8s isol\u00e9s+oubli\u00e9s de toute aide humanitaire !!!<br \/>\nEt de votre parrainage &#8211; \u00c9tudes Sant\u00e9 pour rendre espoir \u00e0 cette jeunesse africaine !!<br \/>\n<br \/>Quel bel accueil dans la grande dignit\u00e9 africaine !!! &#8230; ce qui me r\u00e9conforte pour la suite du monde + AFRIQUE !!!<br \/>\n<br \/>Je vous assure de ma complicit\u00e9 pour la r\u00e9alisation de vos stages pour notre jeunesse Qu\u00e9b\u00e9coise !!!<br \/>\n<br \/>C&rsquo;est pourquoi je r\u00e9cidive avec vous depuis quelques ann\u00e9es !!!<\/p>\n<p>G\u00e9rald Dion md XXX<br \/>\n[\/column]<\/p>\n<p>&nbsp;<br \/>\n[column col=\u00a0\u00bb1\/4&Prime;]<a href=\"https:\/\/stagesante.uqat.ca\/wp\/wp-content\/uploads\/2013\/09\/thanh_liem_nguyen.jpg\"><img loading=\"lazy\" decoding=\"async\" class=\"alignleft size-full wp-image-343\" src=\"https:\/\/stagesante.uqat.ca\/wp\/wp-content\/uploads\/2013\/09\/thanh_liem_nguyen.jpg\" alt=\"thanh_liem_nguyen\" width=\"125\" height=\"184\" \/><\/a><br \/>\n[\/column]<\/p>\n<p>[column col=\u00a0\u00bb3\/4&Prime;]<\/p>\n<h6 style=\"line-height: 17px;\"><span style=\"color: #ff6600;\">Dr Thanh Liem Nguyen, podiatre &#8211; B\u00e9n\u00e9vole, mission 2013<\/span><br \/>\n<br \/>Docteur en m\u00e9decine podiatrique<br \/>\n<br \/>Clinique podiatrique Berri, Montr\u00e9al, Qc<br \/>\n[divider scroll_text=\u00a0\u00bb\u00a0\u00bb]<\/h6>\n<p>L&rsquo;exp\u00e9rience de la Mission-Stage au S\u00e9n\u00e9gal fut agr\u00e9able et enrichissante tant au plan personnel, interpersonnel que professionnel. Au plan personnel, le s\u00e9jour m&rsquo;a rappel\u00e9 les conditions de vie difficiles de mon enfance au Vietnam : les p\u00e9nuries de toutes sortes, les moyens de transport primitifs (les charrettes tir\u00e9es par les b\u0153ufs), l&rsquo;insalubrit\u00e9 de l&rsquo;environnement physique et alimentaire, les chemins en terre battue, etc. En revanche, il y avait aussi le rappel de l&rsquo;entraide entre villageois, du travail en famille dans les rizi\u00e8res, etc.<\/p>\n<p>Au plan interpersonnel, vivre dans une communaut\u00e9 de vingt-neuf personnes dans un espace limit\u00e9, \u00e0 proximit\u00e9 les uns des autres, partager les deux salles de bain disponibles et coucher sous la tente, cela d\u00e9veloppe le sens du compromis et le devoir de concession compte tenu des besoins des autres personnes. Il faut donc trouver en soi le moyen de vivre en harmonie avec chacun.<\/p>\n<p>Pour ce qui est de la vie professionnelle, traiter les patients dans des conditions minimales et \u00e0 l&rsquo;aide de ressources locales limit\u00e9es n\u00e9cessite une bonne flexibilit\u00e9 et une adaptation \u00e0 la r\u00e9alit\u00e9 du pays h\u00f4te. Cela permet de d\u00e9velopper une cr\u00e9ativit\u00e9 dans les interventions ainsi que dans la r\u00e9alisation du plan de traitement, et ce, en fonction des ressources (physiques, mon\u00e9taires, mat\u00e9riels et humaines) disponibles.<\/p>\n<p>Pour terminer, je tiens \u00e0 remercier les responsables ainsi que les b\u00e9n\u00e9voles du projet. Leur d\u00e9vouement et leur implication ont permis \u00e0 tous d&rsquo;avoir un s\u00e9jour inoubliable.<\/p>\n<p>Des f\u00e9licitations aux \u00e9tudiantes et aux \u00e9tudiants qui ont particip\u00e9 \u00e0 cette exp\u00e9rience. Ils ont fait un excellent travail. Leurs connaissances th\u00e9oriques et pratiques m&rsquo;ont impressionn\u00e9. Bonne continuation et bonne chance dans leurs carri\u00e8res.<\/p>\n<p>[\/column]<\/p>\n<p>&nbsp;<br \/>\n[column col=\u00a0\u00bb1\/4&Prime;]<a href=\"https:\/\/stagesante.uqat.ca\/wp\/wp-content\/uploads\/2013\/09\/marc-andre_coursol-tellier.jpg\"><img loading=\"lazy\" decoding=\"async\" class=\"alignleft size-full wp-image-344\" src=\"https:\/\/stagesante.uqat.ca\/wp\/wp-content\/uploads\/2013\/09\/marc-andre_coursol-tellier.jpg\" alt=\"marc-andre_coursol-tellier\" width=\"125\" height=\"126\" srcset=\"https:\/\/stagesante.uqat.ca\/wp\/wp-content\/uploads\/2013\/09\/marc-andre_coursol-tellier.jpg 125w, https:\/\/stagesante.uqat.ca\/wp\/wp-content\/uploads\/2013\/09\/marc-andre_coursol-tellier-150x150.jpg 150w\" sizes=\"auto, (max-width: 125px) 100vw, 125px\" \/><\/a><br \/>\n[\/column]<\/p>\n<p>[column col=\u00a0\u00bb3\/4&Prime;]<\/p>\n<h6 style=\"line-height: 17px;\"><span style=\"color: #ff6600;\">Marc-Andr\u00e9 Coursol-Tellier &#8211; B\u00e9n\u00e9vole, missions 2011 et 2012<\/span><br \/>\n<br \/>Pharmacien<br \/>\n<br \/>Conseil Cri de la Sant\u00e9 et des Services Sociaux de la Baie-James<br \/>\n[divider scroll_text=\u00a0\u00bb\u00a0\u00bb]<\/h6>\n<p>F\u00e9licitations \u00e0 la Mission-Stage ! Une organisation tr\u00e8s bien structur\u00e9e. Un bel exemple de travail multidisciplinaire et de coop\u00e9ration. Pour moi, cela a \u00e9t\u00e9 un plaisir de pouvoir accompagner le groupe. Je me trouve tr\u00e8s privil\u00e9gi\u00e9 d\u2019avoir eu cette chance.<\/p>\n<p>L\u2019\u00e9quipe \u00e9tait formidable, nous avons eu beaucoup de plaisir ensemble. Ce fut tr\u00e8s enrichissant d\u2019\u00e9changer avec tous ces gens de diverses g\u00e9n\u00e9rations et de divers milieux.<\/p>\n<p>Quant au village de Thiar\u00e9, les gens sont extr\u00eamement chaleureux et nous ont r\u00e9serv\u00e9 un accueil incroyable. Je n\u2019avais aucune difficult\u00e9 \u00e0 me lever le matin pour aller travailler, si on peut appeler \u00e7a du travail. L\u2019exp\u00e9rience a \u00e9t\u00e9 pour moi un bon ressourcement personnel et professionnel. J\u2019ai maintenant de beaux projets devant moi.<\/p>\n<p>Je remercie tous les stagiaires qui travaillent tr\u00e8s fort chaque ann\u00e9e pour la r\u00e9ussite de cette mission ainsi que Mario Br\u00fbl\u00e9 et toute son \u00e9quipe pour m\u2019avoir donn\u00e9 la chance de participer cette aventure inoubliable.<\/p>\n<p>[\/column]<\/p>\n<p>&nbsp;<br \/>\n[column col=\u00a0\u00bb1\/4&Prime;]<a href=\"https:\/\/stagesante.uqat.ca\/wp\/wp-content\/uploads\/2013\/10\/amelie_sylvestre.jpg\"><img loading=\"lazy\" decoding=\"async\" class=\"alignleft size-full wp-image-858\" src=\"https:\/\/stagesante.uqat.ca\/wp\/wp-content\/uploads\/2013\/10\/amelie_sylvestre.jpg\" alt=\"amelie_sylvestre\" width=\"125\" height=\"149\" \/><\/a><br \/>\n[\/column]<\/p>\n<p>[column col=\u00a0\u00bb3\/4&Prime;]<\/p>\n<h6 style=\"line-height: 17px;\"><span style=\"color: #ff6600;\">Dre Am\u00e9lie Sylvestre &#8211; B\u00e9n\u00e9vole, mission 2011<\/span><br \/>\n<br \/>M\u00e9decin Omnipraticienne<br \/>\n<br \/>CSSS de la Baie-des-Chaleurs<br \/>\n[divider scroll_text=\u00a0\u00bb\u00a0\u00bb]<\/h6>\n<p>Apprendre sur soi, apprendre sur l\u2019autre,<\/p>\n<p>Partager des id\u00e9es, des connaissances, des r\u00e9flexions, des repas, des anecdotes, des danses, des noms &#8230;<\/p>\n<p>Sentir les transformations &#8230;<\/p>\n<p>Diouf (Dion), Dram\u00e9 (Br\u00fbl\u00e9), Ndiaye (Mayrand), Tour\u00e9 (Thibault), Faye (Fisette), Diopp (Doucet) &#8230;<\/p>\n<p>Autant de noms, autant de sourires, autant de souvenirs &#8230;<\/p>\n<p>Djiere dieuf : Merci de m\u2019avoir permis de faire partie de cette belle \u00e9quipe 2011 !<\/p>\n<p>Am\u00e9lie<\/p>\n<p>[\/column]<\/p>\n<p>&nbsp;<br \/>\n[column col=\u00a0\u00bb1\/4&Prime;]<a href=\"https:\/\/stagesante.uqat.ca\/wp\/wp-content\/uploads\/2013\/10\/suzelle_doucet.jpg\"><img loading=\"lazy\" decoding=\"async\" class=\"alignleft size-full wp-image-861\" src=\"https:\/\/stagesante.uqat.ca\/wp\/wp-content\/uploads\/2013\/10\/suzelle_doucet.jpg\" alt=\"suzelle_doucet\" width=\"125\" height=\"162\" srcset=\"https:\/\/stagesante.uqat.ca\/wp\/wp-content\/uploads\/2013\/10\/suzelle_doucet.jpg 125w, https:\/\/stagesante.uqat.ca\/wp\/wp-content\/uploads\/2013\/10\/suzelle_doucet-115x150.jpg 115w\" sizes=\"auto, (max-width: 125px) 100vw, 125px\" \/><\/a><br \/>\n<a href=\"https:\/\/stagesante.uqat.ca\/wp\/wp-content\/uploads\/2013\/09\/denis_cantin.jpg\"><img loading=\"lazy\" decoding=\"async\" class=\"alignleft size-full wp-image-341\" src=\"https:\/\/stagesante.uqat.ca\/wp\/wp-content\/uploads\/2013\/09\/denis_cantin.jpg\" alt=\"denis_cantin\" width=\"125\" height=\"162\" \/><\/a><br \/>\n[\/column]<\/p>\n<p>[column col=\u00a0\u00bb3\/4&Prime;]<\/p>\n<h6 style=\"line-height: 17px;\"><span style=\"color: #ff6600;\">Suzelle Doucet et Denis Cantin &#8211; B\u00e9n\u00e9voles, mission 2011<\/span><br \/>\n<br \/>Multidisciplinaires<br \/>\n[divider scroll_text=\u00a0\u00bb\u00a0\u00bb]<\/h6>\n<p>Sentir qu&rsquo;on fait partie d&rsquo;une \u00e9quipe, d&rsquo;un organisme, dirig\u00e9 par des responsables qui nous encadrent et nous guident c&rsquo;est rassurant.<\/p>\n<p>Le contact direct avec les S\u00e9n\u00e9galais s&rsquo;est fait dans le respect de nos diff\u00e9rences, bas\u00e9 sur le partage, l&rsquo;entraide et la fraternit\u00e9.<\/p>\n<p>C&rsquo;est agr\u00e9able de se sentir valoris\u00e9 pour les t\u00e2ches que nous avons effectu\u00e9es et de pouvoir s&rsquo;exprimer avec l&rsquo;\u00e9quipe sur ce que l&rsquo;on vivait dans notre journ\u00e9e.<\/p>\n<p>Ce que nous retenons c&rsquo;est que les gouttes d&rsquo;eau apport\u00e9es par nos simples petits gestes comme b\u00e9n\u00e9voles multidisciplinaires sont tr\u00e8s importantes pour les gens de l\u00e0-bas, \u00e7a leur redonne de l&rsquo;espoir et il ne faudrait jamais que cette aide humanitaire s&rsquo;arr\u00eate.<\/p>\n<p>On y retournerait sans h\u00e9siter si l&rsquo;occasion se repr\u00e9sentait, car c&rsquo;est un enrichissement et une ouverture sur le monde qui est extraordinaire et qui nous bonifie.<\/p>\n<p>[\/column]<\/p>\n<p>&nbsp;<br \/>\n&nbsp;<br \/>\n&nbsp;<br \/>\n&nbsp;<br \/>\n&nbsp;<br \/>\n&nbsp;<br \/>\n[column col=\u00a0\u00bb1\/4&Prime;]<a href=\"https:\/\/stagesante.uqat.ca\/wp\/wp-content\/uploads\/2013\/09\/huguette_st-amant.jpg\"><img loading=\"lazy\" decoding=\"async\" class=\"alignleft size-full wp-image-342\" src=\"https:\/\/stagesante.uqat.ca\/wp\/wp-content\/uploads\/2013\/09\/huguette_st-amant.jpg\" alt=\"huguette_st-amant\" width=\"125\" height=\"170\" \/><\/a><br \/>\n[\/column]<\/p>\n<p>[column col=\u00a0\u00bb3\/4&Prime;]<\/p>\n<h6 style=\"line-height: 17px;\"><span style=\"color: #ff6600;\">Huguette St-Amant &#8211; B\u00e9n\u00e9vole, missions 2006 \u00e0 2008<\/span><br \/>\n<br \/>Infirmi\u00e8re retrait\u00e9e<br \/>\n[divider scroll_text=\u00a0\u00bb\u00a0\u00bb]<\/h6>\n<p>C&rsquo;est comme agente de stage que j&rsquo;ai accompagn\u00e9 les \u00e9tudiantes au BAC pendant 3 ans au S\u00e9n\u00e9gal r\u00e9gion Fatik. Quatre ans apr\u00e8s ma derni\u00e8re mission, les souvenirs sont bien vivants en moi, je ressens encore le bonheur pour ce que j&rsquo;ai eu l&rsquo;opportunit\u00e9 de vivre !<\/p>\n<p>Vivre avec les jeunes c&rsquo;est se ressourcer aupr\u00e8s de leur esprit innovateur. J&rsquo;ai surtout appris \u00e0 c\u00f4toyer une culture bien diff\u00e9rente de la mienne et de laquelle j&rsquo;ai retenu des valeurs telles que le partage, le respect de la personne \u00e2g\u00e9e et la r\u00e9silience. J&rsquo;ai particuli\u00e8rement appr\u00e9ci\u00e9 la possibilit\u00e9 de voyager dans le pays apr\u00e8s les missions. J&rsquo;y retournerais parce que l&rsquo;Autre m&rsquo;attire, le diff\u00e9rent de moi.<\/p>\n<p>[\/column]<\/p>\n<p>&nbsp;<br \/>\n[column col=\u00a0\u00bb1\/4&Prime;]<a href=\"https:\/\/stagesante.uqat.ca\/wp\/wp-content\/uploads\/2013\/09\/cecile_laverdiere.jpg\"><img loading=\"lazy\" decoding=\"async\" class=\"alignleft size-full wp-image-340\" src=\"https:\/\/stagesante.uqat.ca\/wp\/wp-content\/uploads\/2013\/09\/cecile_laverdiere.jpg\" alt=\"cecile_laverdiere\" width=\"125\" height=\"105\" \/><\/a><br \/>\n[\/column]<\/p>\n<p>[column col=\u00a0\u00bb3\/4&Prime;]<\/p>\n<h6 style=\"line-height: 17px;\"><span style=\"color: #ff6600;\">C\u00e9cile Laverdi\u00e8re &#8211; B\u00e9n\u00e9vole, missions 2006 \u00e0 2010 et 2012<\/span><br \/>\n<br \/>Infirmi\u00e8re auxiliaire<br \/>\n[divider scroll_text=\u00a0\u00bb\u00a0\u00bb]<\/h6>\n<p>J&rsquo;ai accompagn\u00e9 pendant 5 ans le groupe de la Mission-Stage comme b\u00e9n\u00e9vole et ce fut 5 premi\u00e8res fois tellement c&rsquo;est diff\u00e9rent \u00e0 chaque mission. \u00catre entour\u00e9 d&rsquo;une \u00e9quipe multi g\u00e9n\u00e9rationnelle et multi disciplinaire et travailler avec la jeune rel\u00e8ve, les voir se surpasser et voir leur connaissance augmenter de jour en jour est un privil\u00e8ge.<\/p>\n<p>Les \u00e9changes interculturels sont tr\u00e8s enrichissants tant au niveau personnel que professionnel. La vie de groupe nous apprend \u00e0 connaitre nos forces et nos faiblesses. Un temps d&rsquo;arr\u00eat m&rsquo;a fait comprendre qu&rsquo;il y a encore bien des choses \u00e0 d\u00e9couvrir et \u00e0 comprendre. Alors j&rsquo;y retourne !<br \/>\n[\/column]<\/p>\n<p>&nbsp;<br \/>\n[column col=\u00a0\u00bb1\/4&Prime;]<a href=\"https:\/\/stagesante.uqat.ca\/wp\/wp-content\/uploads\/2013\/10\/francois_gilbert.jpg\"><img loading=\"lazy\" decoding=\"async\" class=\"alignleft size-full wp-image-867\" src=\"https:\/\/stagesante.uqat.ca\/wp\/wp-content\/uploads\/2013\/10\/francois_gilbert.jpg\" alt=\"francois_gilbert\" width=\"125\" height=\"177\" srcset=\"https:\/\/stagesante.uqat.ca\/wp\/wp-content\/uploads\/2013\/10\/francois_gilbert.jpg 125w, https:\/\/stagesante.uqat.ca\/wp\/wp-content\/uploads\/2013\/10\/francois_gilbert-105x150.jpg 105w\" sizes=\"auto, (max-width: 125px) 100vw, 125px\" \/><\/a><br \/>\n[\/column]<\/p>\n<p>[column col=\u00a0\u00bb3\/4&Prime;]<\/p>\n<h6 style=\"line-height: 17px;\"><span style=\"color: #ff6600;\">Fran\u00e7ois Gilbert &#8211; B\u00e9n\u00e9vole, mission 2008<\/span><br \/>\n<br \/>Infirmier<br \/>\n[divider scroll_text=\u00a0\u00bb\u00a0\u00bb]<\/h6>\n<p>J&rsquo;ai fait partie de la mission UQAT &#8211; S\u00e9n\u00e9gal 2008. \u00c7a a chang\u00e9 ma vie, mais surtout donn\u00e9 le go\u00fbt d&rsquo;y retourner un jour.<\/p>\n<p>Je viens d&rsquo;accepter un poste de \u00ab\u00a0chef des services m\u00e9dicaux\u00a0\u00bb pour une compagnie mini\u00e8re au Burkina Faso. Le contexte va \u00eatre diff\u00e9rent, mais juste le fait de retourner sur ce magnifique continent me rend tr\u00e8s heureux. Heureux de retourner c\u00f4toyer la chaleur humaine et les baobabs !!!<\/p>\n<p>Je suis bien content de ce nouveau d\u00e9part !!!<\/p>\n<p>Merci Mario, tu as chang\u00e9 ma vision de la vie !!!<br \/>\n[\/column]<br \/>\n&nbsp;<br \/>\n&nbsp;<\/p>\n<!-- AddThis Advanced Settings generic via filter on the_content --><!-- AddThis Share Buttons generic via filter on the_content -->","protected":false},"excerpt":{"rendered":"<p>[column col=\u00a0\u00bb1\/4&Prime;] [\/column] [column col=\u00a0\u00bb3\/4&Prime;] Dr G\u00e9rald Dion &#8211; B\u00e9n\u00e9vole, missions 2007 \u00e0 ce jour M\u00e9decin g\u00e9n\u00e9raliste transculturel Centre communautaire Miyupimaatisiin, Mistissini, Qc [divider scroll_text=\u00a0\u00bb\u00a0\u00bb] C&rsquo;est toujours un privil\u00e8ge d&rsquo;accompagner votre jeunesse COMPASSION-SANT\u00c9 dans la PASSION HUMANITAIRE de M. Br\u00fbl\u00e9 + des gens de la Mission-Stage !!! Je vous honore de votre priorit\u00e9 d&rsquo;apporter aide &hellip; <a href=\"https:\/\/stagesante.uqat.ca\/wp\/?page_id=735\" class=\"more-link\">Continuer la lecture de <span class=\"screen-reader-text\">T\u00e9moignages<\/span>  <span class=\"meta-nav\">&rarr;<\/span><\/a><!-- AddThis Advanced Settings generic via filter on wp_trim_excerpt --><!-- AddThis Share Buttons generic via filter on wp_trim_excerpt --><\/p>\n","protected":false},"author":1,"featured_media":0,"parent":0,"menu_order":0,"comment_status":"closed","ping_status":"closed","template":"","meta":{"_exactmetrics_skip_tracking":false,"_exactmetrics_sitenote_active":false,"_exactmetrics_sitenote_note":"","_exactmetrics_sitenote_category":0,"footnotes":""},"class_list":["post-735","page","type-page","status-publish","hentry"],"_links":{"self":[{"href":"https:\/\/stagesante.uqat.ca\/wp\/index.php?rest_route=\/wp\/v2\/pages\/735","targetHints":{"allow":["GET"]}}],"collection":[{"href":"https:\/\/stagesante.uqat.ca\/wp\/index.php?rest_route=\/wp\/v2\/pages"}],"about":[{"href":"https:\/\/stagesante.uqat.ca\/wp\/index.php?rest_route=\/wp\/v2\/types\/page"}],"author":[{"embeddable":true,"href":"https:\/\/stagesante.uqat.ca\/wp\/index.php?rest_route=\/wp\/v2\/users\/1"}],"replies":[{"embeddable":true,"href":"https:\/\/stagesante.uqat.ca\/wp\/index.php?rest_route=%2Fwp%2Fv2%2Fcomments&post=735"}],"version-history":[{"count":0,"href":"https:\/\/stagesante.uqat.ca\/wp\/index.php?rest_route=\/wp\/v2\/pages\/735\/revisions"}],"wp:attachment":[{"href":"https:\/\/stagesante.uqat.ca\/wp\/index.php?rest_route=%2Fwp%2Fv2%2Fmedia&parent=735"}],"curies":[{"name":"wp","href":"https:\/\/api.w.org\/{rel}","templated":true}]}}