{"id":9,"date":"2013-09-11T02:55:58","date_gmt":"2013-09-11T06:55:58","guid":{"rendered":"http:\/\/stagesante.uqat.ca\/wp\/?page_id=9"},"modified":"2023-01-30T09:11:15","modified_gmt":"2023-01-30T14:11:15","slug":"accueil","status":"publish","type":"page","link":"https:\/\/stagesante.uqat.ca\/wp\/","title":{"rendered":"Accueil"},"content":{"rendered":"<h5><span style=\"color: #ff6600;\">Bienvenue <\/span> sur le site d\u00e9di\u00e9 au cours \u00abSOI2541\u00bb\u00a0de l&rsquo;UQAT<\/h5>\n<p>Depuis 2005, l&rsquo;Universit\u00e9 du Qu\u00e9bec en Abitibi-T\u00e9miscamingue (UQAT) propose aux infirmi\u00e8res-\u00e9tudiantes inscrites au baccalaur\u00e9at en sciences infirmi\u00e8res, le cours SOI2541 : Stage d&rsquo;int\u00e9gration &#8211; exercice infirmier \u00e0 l&rsquo;international. Pour acc\u00e9der \u00e0 la description compl\u00e8te du cours, veuillez cliquer sur le sigle suivant : <a href=\"http:\/\/www.uqat.ca\/etudes\/cours\/?code=SOI2541\" target=\"_new\" rel=\"noopener\">SOI2541<\/a>.<\/p>\n<p>Le stage est d&rsquo;une dur\u00e9e de cinq semaines et est supervis\u00e9 par la professeure responsable, <a href=\"mailto:johanne.toupin@uqat.ca\">Johanne Toupin<\/a>. C&rsquo;est un cours de six cr\u00e9dits universitaires misant sur le r\u00f4le \u00e9largi de l&rsquo;infirmi\u00e8re dans un contexte de dispensaire en zone rurale et isol\u00e9e. Chaque ann\u00e9e, une cohorte d&rsquo;une quinzaine d&rsquo;\u00e9tudiantes, accompagn\u00e9e d&rsquo;un groupe de b\u00e9n\u00e9voles pouvant inclure des professionnels et des non professionnels de la sant\u00e9, participe \u00e0 ce stage.<\/p>\n<p>Milieu clinique privil\u00e9gi\u00e9 par l&rsquo;UQAT :<\/p>\n<p><center><iframe loading=\"lazy\" title=\"Stages en sant&amp;eacute; mondiale\" src=\"https:\/\/player.vimeo.com\/video\/44426711?h=e85f68403a&amp;dnt=1&amp;app_id=122963\" width=\"275\" height=\"155\" frameborder=\"0\" allow=\"autoplay; fullscreen; picture-in-picture\" allowfullscreen><\/iframe><\/p>\n<p><\/center><\/p>\n<p><strong>P\u00e9rou<\/strong>\u00a0; Dans un village en Amazonie, dans un poste de sant\u00e9 \u00e0 45 minutes de bateau d&rsquo;Iquitos. Pour plus de d\u00e9tails sur ce milieu, voir le document suivant :<br \/>\n<a href=\"https:\/\/stagesante.uqat.ca\/wp\/wp-content\/uploads\/2013\/10\/description_peru_uqat_iisf_ra.pdf\" target=\"_blank\" rel=\"noopener\"><img loading=\"lazy\" decoding=\"async\" class=\"aligncenter size-full wp-image-296\" src=\"https:\/\/stagesante.uqat.ca\/wp\/wp-content\/uploads\/2013\/09\/mazan-arche2.jpg\" alt=\"mazan-arche2\" width=\"300\" height=\"280\" \/><\/a><\/p>\n<p>L&rsquo;UQAT se distingue de toutes les autres institutions avec son programme d&rsquo;enseignement innovateur, socialement impliqu\u00e9 et d&rsquo;ampleur mondiale. Pour en savoir davantage sur la proc\u00e9dure \u00e0 suivre pour vous inscrire au stage &#8230;<\/p>\n<p><a title=\"Stagiaires\" href=\"https:\/\/stagesante.uqat.ca\/wp\/?page_id=536\">Aller \u00e0 la page des stagiaires<\/a><\/p>\n<h6>Crit\u00e8res de s\u00e9lection<\/h6>\n<p>Les crit\u00e8res de s\u00e9lection pour pouvoir s&rsquo;inscrire au cours SOI2541 sont : avoir au moins 21 cr\u00e9dits universitaires en sciences infirmi\u00e8res, fournir deux lettres de recommandation de professeurs ou d&#8217;employeurs, r\u00e9pondre \u00e0 un questionnaire afin de pr\u00e9ciser ses exp\u00e9riences en b\u00e9n\u00e9volat, en voyage et sa motivation personnelle. Les qualit\u00e9s recherch\u00e9es sont, entre autres, la maturit\u00e9 et l&rsquo;aptitude \u00e0 vivre en groupe.<\/p>\n<!-- AddThis Advanced Settings generic via filter on the_content --><!-- AddThis Share Buttons generic via filter on the_content -->","protected":false},"excerpt":{"rendered":"<p>Bienvenue sur le site d\u00e9di\u00e9 au cours \u00abSOI2541\u00bb\u00a0de l&rsquo;UQAT Depuis 2005, l&rsquo;Universit\u00e9 du Qu\u00e9bec en Abitibi-T\u00e9miscamingue (UQAT) propose aux infirmi\u00e8res-\u00e9tudiantes inscrites au baccalaur\u00e9at en sciences infirmi\u00e8res, le cours SOI2541 : Stage d&rsquo;int\u00e9gration &#8211; exercice infirmier \u00e0 l&rsquo;international. Pour acc\u00e9der \u00e0 la description compl\u00e8te du cours, veuillez cliquer sur le sigle suivant : SOI2541. Le stage &hellip; <a href=\"https:\/\/stagesante.uqat.ca\/wp\/\" class=\"more-link\">Continuer la lecture de <span class=\"screen-reader-text\">Accueil<\/span>  <span class=\"meta-nav\">&rarr;<\/span><\/a><!-- AddThis Advanced Settings generic via filter on wp_trim_excerpt --><!-- AddThis Share Buttons generic via filter on wp_trim_excerpt --><\/p>\n","protected":false},"author":1,"featured_media":0,"parent":0,"menu_order":0,"comment_status":"closed","ping_status":"closed","template":"","meta":{"_exactmetrics_skip_tracking":false,"_exactmetrics_sitenote_active":false,"_exactmetrics_sitenote_note":"","_exactmetrics_sitenote_category":0,"footnotes":""},"class_list":["post-9","page","type-page","status-publish","hentry"],"_links":{"self":[{"href":"https:\/\/stagesante.uqat.ca\/wp\/index.php?rest_route=\/wp\/v2\/pages\/9","targetHints":{"allow":["GET"]}}],"collection":[{"href":"https:\/\/stagesante.uqat.ca\/wp\/index.php?rest_route=\/wp\/v2\/pages"}],"about":[{"href":"https:\/\/stagesante.uqat.ca\/wp\/index.php?rest_route=\/wp\/v2\/types\/page"}],"author":[{"embeddable":true,"href":"https:\/\/stagesante.uqat.ca\/wp\/index.php?rest_route=\/wp\/v2\/users\/1"}],"replies":[{"embeddable":true,"href":"https:\/\/stagesante.uqat.ca\/wp\/index.php?rest_route=%2Fwp%2Fv2%2Fcomments&post=9"}],"version-history":[{"count":3,"href":"https:\/\/stagesante.uqat.ca\/wp\/index.php?rest_route=\/wp\/v2\/pages\/9\/revisions"}],"predecessor-version":[{"id":2641,"href":"https:\/\/stagesante.uqat.ca\/wp\/index.php?rest_route=\/wp\/v2\/pages\/9\/revisions\/2641"}],"wp:attachment":[{"href":"https:\/\/stagesante.uqat.ca\/wp\/index.php?rest_route=%2Fwp%2Fv2%2Fmedia&parent=9"}],"curies":[{"name":"wp","href":"https:\/\/api.w.org\/{rel}","templated":true}]}}